{"id":4604000,"date":"2024-04-22T15:44:00","date_gmt":"2024-04-22T18:44:00","guid":{"rendered":"https:\/\/midianinja.org\/galeria\/"},"modified":"2024-04-22T15:44:00","modified_gmt":"2024-04-22T18:44:00","slug":"galeria","status":"publish","type":"page","link":"https:\/\/midianinja.org\/es\/galeria\/","title":{"rendered":"Galeria"},"content":{"rendered":"\n<div class=\"wp-block-columns is-layout-flex wp-container-core-columns-is-layout-9d6595d7 wp-block-columns-is-layout-flex\">\n<div class=\"wp-block-column is-layout-flow wp-block-column-is-layout-flow\" style=\"flex-basis:66.66%\"><div id=\"block__9e12e436-7e5e-41f0-8a1b-52ee42a97657\" class=\"high-spot-block model-manual\"><div class=\"container\"><div class=\"high-spot-block__content\"><div class=\"high-spot-block__info\"><div><span class=\"tag\">FOTOGRAFIA<\/span><h3>Acervo<\/h3><p>O Acervo Fotogr\u00e1fico NINJA, constru\u00eddo colaborativamente nos \u00faltimos 10 anos, conta com mais de 150 mil fotos realizadas por mai de 500 colaboradores de todas as 5 regi\u00f5es do Brasil. Explore nossas galerias e confira as \u00faltimas coberturas em alta resolu\u00e7\u00e3o, disponibilizadas sob a licen\u00e7a Creative Commons CC-BY-NC 4.0.<\/p>\n<\/div><\/div><img decoding=\"async\" class=\"background-image\" src=\"https:\/\/midianinja.org\/wp-content\/uploads\/2024\/04\/teste-RuasDeJunho_01-scaled.webp\" alt=\"\" \/><\/div><!-- .high-spot-block__content --><\/div><\/div><!-- .high-spot-block --><\/div>\n\n\n\n<div class=\"wp-block-column is-layout-flow wp-block-column-is-layout-flow\" style=\"flex-basis:33.33%\"><h2>No content found<\/h2><\/div>\n<\/div>\n\n\n<div class=\"wp-block-newspack-blocks-wp-block-newspack-ads-blocks-ad-unit aligncenter\" style=\"text-align:center\"><style> @media ( min-width: 300px ) { .newspack_global_ad.block_69da0fc889698 { min-height: 50px; } }  @media ( min-width: 970px ) { .newspack_global_ad.block_69da0fc889698 { min-height: 90px; } } <\/style>\t\t<div class='newspack_global_ad block_69da0fc889698 fixed-height'>\n\t\t\t\t\t\t<!-- \/23118823510\/teste --><div id='div-gpt-ad-69da0fc889698-0'><\/div>\t\t<\/div>\n\t\t<\/div>\n\n\n    <div id=\"block__78621df6-21ff-41fb-9f62-e4e35bd5ea1c\" class=\"flickr-gallery-block\">\n        <div class=\"container\">\n            <div class=\"flickr-gallery-block__content\">\n\t\t\t\t<div class=\"flickr-gallery-block__before-grid\"><\/div>\n\n\t\t\t\t<div class=\"flickr-gallery-block__grid\" data-key=\"tiH3mxzotW0ORz0M|VWxyQUpDK3JBeGdyVnE5YVRpZWczVGdISXlCQUFzcDZqUFVwS3o3eEpHQT0=|FKe\/u3b2Ghd7W1cIXJBRCQ==\" data-type=\"albums\" data-id=\"94532471@N02\">\n\t\t\t\t\n<div class=\"flickr-photo\">\n    <a href=\"https:\/\/www.flickr.com\/photos\/94532471@N02\/albums\/72177720332544199\" target=\"_blank\">\n        <div class=\"post specials\">\n            <div class=\"post-thumbnail\">\n                <div class=\"post-thumbnail__info\">\n                                            <h2>NINJA na Avenida, Desfile das Campe\u00e3s<\/h2>\n                    \n                    <div class=\"post-thumbnail__meta\">\n\t\t\t\t\t\t                            <span class=\"tag\">Rio de Janeiro<\/span>\n                        \n                                                    <span class=\"date\">21\/02\/2026<\/span>\n                                            <\/div>\n                <\/div>\n                <img decoding=\"async\" loading=\"lazy\" src=\"https:\/\/live.staticflickr.com\/65535\/55146488289_0054a88379.jpg\" alt=\"NINJA na Avenida, Desfile das Campe\u00e3s\">\n            <\/div>\n        <\/div>\n    <\/a>\n<\/div>\n\n\n<div class=\"flickr-photo\">\n    <a href=\"https:\/\/www.flickr.com\/photos\/94532471@N02\/albums\/72177720332947860\" target=\"_blank\">\n        <div class=\"post specials\">\n            <div class=\"post-thumbnail\">\n                <div class=\"post-thumbnail__info\">\n                                            <h2>NINJA na Avenida, Apura\u00e7\u00e3o<\/h2>\n                    \n                    <div class=\"post-thumbnail__meta\">\n\t\t\t\t\t\t                            <span class=\"tag\">Rio de Janeiro<\/span>\n                        \n                                                    <span class=\"date\">18\/02\/2026<\/span>\n                                            <\/div>\n                <\/div>\n                <img decoding=\"async\" loading=\"lazy\" src=\"https:\/\/live.staticflickr.com\/65535\/55193435949_a6a8247c5c.jpg\" alt=\"NINJA na Avenida, Apura\u00e7\u00e3o\">\n            <\/div>\n        <\/div>\n    <\/a>\n<\/div>\n\n\n<div class=\"flickr-photo\">\n    <a href=\"https:\/\/www.flickr.com\/photos\/94532471@N02\/albums\/72177720332544284\" target=\"_blank\">\n        <div class=\"post specials\">\n            <div class=\"post-thumbnail\">\n                <div class=\"post-thumbnail__info\">\n                                            <h2>NINJA na Avenida<\/h2>\n                    \n                    <div class=\"post-thumbnail__meta\">\n\t\t\t\t\t\t                            <span class=\"tag\">Rio de Janeiro<\/span>\n                        \n                                                    <span class=\"date\">15\/02\/2026 a 17\/02\/2026<\/span>\n                                            <\/div>\n                <\/div>\n                <img decoding=\"async\" loading=\"lazy\" src=\"https:\/\/live.staticflickr.com\/65535\/55146499384_cb570ae3f8.jpg\" alt=\"NINJA na Avenida\">\n            <\/div>\n        <\/div>\n    <\/a>\n<\/div>\n\n\n<div class=\"flickr-photo\">\n    <a href=\"https:\/\/www.flickr.com\/photos\/94532471@N02\/albums\/72177720332948602\" target=\"_blank\">\n        <div class=\"post specials\">\n            <div class=\"post-thumbnail\">\n                <div class=\"post-thumbnail__info\">\n                                            <h2>NINJA na Avenida, Liga RJ<\/h2>\n                    \n                    <div class=\"post-thumbnail__meta\">\n\t\t\t\t\t\t                            <span class=\"tag\">Rio de Janeiro<\/span>\n                        \n                                                    <span class=\"date\">14\/02\/2026<\/span>\n                                            <\/div>\n                <\/div>\n                <img decoding=\"async\" loading=\"lazy\" src=\"https:\/\/live.staticflickr.com\/65535\/55193581590_994a5e430b.jpg\" alt=\"NINJA na Avenida, Liga RJ\">\n            <\/div>\n        <\/div>\n    <\/a>\n<\/div>\n\n\n<div class=\"flickr-photo\">\n    <a href=\"https:\/\/www.flickr.com\/photos\/94532471@N02\/albums\/72177720332368315\" target=\"_blank\">\n        <div class=\"post specials\">\n            <div class=\"post-thumbnail\">\n                <div class=\"post-thumbnail__info\">\n                                            <h2>Otros Carnavales<\/h2>\n                    \n                    <div class=\"post-thumbnail__meta\">\n\t\t\t\t\t\t                            <span class=\"tag\">Rio de Janeiro<\/span>\n                        \n                                                    <span class=\"date\">14\/02\/2026 a 18\/02\/2026<\/span>\n                                            <\/div>\n                <\/div>\n                <img decoding=\"async\" loading=\"lazy\" src=\"https:\/\/live.staticflickr.com\/65535\/55131726364_24a5a1cf41.jpg\" alt=\"Otros Carnavales\">\n            <\/div>\n        <\/div>\n    <\/a>\n<\/div>\n\n\n<div class=\"flickr-photo\">\n    <a href=\"https:\/\/www.flickr.com\/photos\/94532471@N02\/albums\/72177720332372642\" target=\"_blank\">\n        <div class=\"post specials\">\n            <div class=\"post-thumbnail\">\n                <div class=\"post-thumbnail__info\">\n                                            <h2>Otros Carnavales<\/h2>\n                    \n                    <div class=\"post-thumbnail__meta\">\n\t\t\t\t\t\t                            <span class=\"tag\">Cear\u00e1<\/span>\n                        \n                                                    <span class=\"date\">14\/02\/2026 a 18\/02\/2026<\/span>\n                                            <\/div>\n                <\/div>\n                <img decoding=\"async\" loading=\"lazy\" src=\"https:\/\/live.staticflickr.com\/65535\/55131665133_b256613c36.jpg\" alt=\"Otros Carnavales\">\n            <\/div>\n        <\/div>\n    <\/a>\n<\/div>\n\n\n<div class=\"flickr-photo\">\n    <a href=\"https:\/\/www.flickr.com\/photos\/94532471@N02\/albums\/72177720332262057\" target=\"_blank\">\n        <div class=\"post specials\">\n            <div class=\"post-thumbnail\">\n                <div class=\"post-thumbnail__info\">\n                                            <h2>Otros Carnavales<\/h2>\n                    \n                    <div class=\"post-thumbnail__meta\">\n\t\t\t\t\t\t                            <span class=\"tag\">Rio Grande do Sul<\/span>\n                        \n                                                    <span class=\"date\">14\/02\/2026 a 18\/02\/2026<\/span>\n                                            <\/div>\n                <\/div>\n                <img decoding=\"async\" loading=\"lazy\" src=\"https:\/\/live.staticflickr.com\/65535\/55121319974_d5074ce891.jpg\" alt=\"Otros Carnavales\">\n            <\/div>\n        <\/div>\n    <\/a>\n<\/div>\n\n\n<div class=\"flickr-photo\">\n    <a href=\"https:\/\/www.flickr.com\/photos\/94532471@N02\/albums\/72177720332245549\" target=\"_blank\">\n        <div class=\"post specials\">\n            <div class=\"post-thumbnail\">\n                <div class=\"post-thumbnail__info\">\n                                            <h2>Otros Carnavales<\/h2>\n                    \n                    <div class=\"post-thumbnail__meta\">\n\t\t\t\t\t\t                            <span class=\"tag\">Pernambuco<\/span>\n                        \n                                                    <span class=\"date\">14\/02\/2026 a 18\/02\/2026<\/span>\n                                            <\/div>\n                <\/div>\n                <img decoding=\"async\" loading=\"lazy\" src=\"https:\/\/live.staticflickr.com\/65535\/55116945539_b245373669.jpg\" alt=\"Otros Carnavales\">\n            <\/div>\n        <\/div>\n    <\/a>\n<\/div>\n\n\n<div class=\"flickr-photo\">\n    <a href=\"https:\/\/www.flickr.com\/photos\/94532471@N02\/albums\/72177720332217347\" target=\"_blank\">\n        <div class=\"post specials\">\n            <div class=\"post-thumbnail\">\n                <div class=\"post-thumbnail__info\">\n                                            <h2>Otros Carnavales<\/h2>\n                    \n                    <div class=\"post-thumbnail__meta\">\n\t\t\t\t\t\t                            <span class=\"tag\">S\u00e3o Paulo<\/span>\n                        \n                                                    <span class=\"date\">14\/02\/2026 a 18\/02\/2026<\/span>\n                                            <\/div>\n                <\/div>\n                <img decoding=\"async\" loading=\"lazy\" src=\"https:\/\/live.staticflickr.com\/65535\/55116939794_248ede1af6.jpg\" alt=\"Otros Carnavales\">\n            <\/div>\n        <\/div>\n    <\/a>\n<\/div>\n\n\t\t\t\t<\/div>\n\n\t\t\t\t<div class=\"flickr-gallery-block__pagination\" data-pages=\"314\"><\/div>\n            <\/div><!-- .flickr-gallery-block__content -->\n        <\/div>\n    <\/div><!-- .flickr-gallery-block -->\n\n\t\n\n\n<p style=\"font-size:11px\">* Todo o conte\u00fado est\u00e1 dispon\u00edvel sob a licen\u00e7a<a href=\"https:\/\/creativecommons.org\/licenses\/by-nc\/4.0\/deed.pt-br\"> Creative Commons 4.0 CC-BY-NC.<\/a> Esta licen\u00e7a permite o uso livre das imagens, desde que n\u00e3o seja para fins comerciais e que o cr\u00e9dito seja dado conforme aparece na descri\u00e7\u00e3o das mesmas em nossa <a href=\"https:\/\/flickr.com\/photos\/midianinja\/albums\/\">conta do Flickr<\/a>. Para uso comercial, entre em contato atrav\u00e9s do e-mail <a>falecom@midianinja.org<\/a><\/p>\n\n\n\n<p><\/p>\n","protected":false},"excerpt":{"rendered":"<p>* Todo o conte\u00fado est\u00e1 dispon\u00edvel sob a licen\u00e7a Creative Commons 4.0 CC-BY-NC. Esta licen\u00e7a permite o uso livre das imagens, desde que n\u00e3o seja para fins comerciais e que o cr\u00e9dito seja dado conforme aparece na descri\u00e7\u00e3o das mesmas em nossa conta do Flickr. Para uso comercial, entre em contato atrav\u00e9s do e-mail falecom@midianinja.org<\/p>\n","protected":false},"author":11285,"featured_media":0,"parent":0,"menu_order":16,"comment_status":"closed","ping_status":"closed","template":"","meta":{"_coblocks_attr":"","_coblocks_dimensions":"","_coblocks_responsive_height":"","_coblocks_accordion_ie_support":"","newspack_ads_suppress_ads":false,"newspack_popups_has_disabled_popups":false,"newspack_sponsor_sponsorship_scope":"","newspack_sponsor_native_byline_display":"inherit","newspack_sponsor_native_category_display":"inherit","newspack_sponsor_underwriter_style":"inherit","newspack_sponsor_underwriter_placement":"inherit","rop_custom_images_group":[],"rop_custom_messages_group":[],"rop_publish_now":"initial","rop_publish_now_accounts":[],"rop_publish_now_history":[],"rop_publish_now_status":"pending","_themeisle_gutenberg_block_has_review":false,"_primary_brand":0,"footnotes":""},"brand":[],"newspack_spnsrs_tax":[],"coauthors":[12937],"class_list":["post-4604000","page","type-page","status-publish","hentry"],"yoast_head":"<!-- This site is optimized with the Yoast SEO Premium plugin v25.2 (Yoast SEO v26.1.1) - https:\/\/yoast.com\/wordpress\/plugins\/seo\/ -->\n<title>Galeria - M\u00eddia NINJA<\/title>\n<meta name=\"robots\" content=\"index, follow, max-snippet:-1, max-image-preview:large, max-video-preview:-1\" \/>\n<link rel=\"canonical\" href=\"https:\/\/midianinja.org\/es\/galeria\/\" \/>\n<meta property=\"og:locale\" content=\"es_ES\" \/>\n<meta property=\"og:type\" content=\"article\" \/>\n<meta property=\"og:title\" content=\"Galeria\" \/>\n<meta property=\"og:description\" content=\"* Todo o conte\u00fado est\u00e1 dispon\u00edvel sob a licen\u00e7a Creative Commons 4.0 CC-BY-NC. Esta licen\u00e7a permite o uso livre das imagens, desde que n\u00e3o seja para fins comerciais e que o cr\u00e9dito seja dado conforme aparece na descri\u00e7\u00e3o das mesmas em nossa conta do Flickr. Para uso comercial, entre em contato atrav\u00e9s do e-mail falecom@midianinja.org\" \/>\n<meta property=\"og:url\" content=\"https:\/\/midianinja.org\/es\/galeria\/\" \/>\n<meta property=\"og:site_name\" content=\"M\u00eddia NINJA\" \/>\n<meta property=\"article:publisher\" content=\"https:\/\/www.facebook.com\/MidiaNINJA\" \/>\n<meta name=\"twitter:card\" content=\"summary_large_image\" \/>\n<meta name=\"twitter:site\" content=\"@MidiaNINJA\" \/>\n<script type=\"application\/ld+json\" class=\"yoast-schema-graph\">{\"@context\":\"https:\/\/schema.org\",\"@graph\":[{\"@type\":\"WebPage\",\"@id\":\"https:\/\/midianinja.org\/es\/galeria\/\",\"url\":\"https:\/\/midianinja.org\/es\/galeria\/\",\"name\":\"Galeria - M\u00eddia NINJA\",\"isPartOf\":{\"@id\":\"https:\/\/midianinja.org\/#website\"},\"datePublished\":\"2024-04-22T18:44:00+00:00\",\"breadcrumb\":{\"@id\":\"https:\/\/midianinja.org\/es\/galeria\/#breadcrumb\"},\"inLanguage\":\"es\",\"potentialAction\":[{\"@type\":\"ReadAction\",\"target\":[\"https:\/\/midianinja.org\/es\/galeria\/\"]}]},{\"@type\":\"BreadcrumbList\",\"@id\":\"https:\/\/midianinja.org\/es\/galeria\/#breadcrumb\",\"itemListElement\":[{\"@type\":\"ListItem\",\"position\":1,\"name\":\"In\u00edcio\",\"item\":\"https:\/\/midianinja.org\/es\/\"},{\"@type\":\"ListItem\",\"position\":2,\"name\":\"Galeria\"}]},{\"@type\":\"WebSite\",\"@id\":\"https:\/\/midianinja.org\/#website\",\"url\":\"https:\/\/midianinja.org\/\",\"name\":\"M\u00eddia NINJA\",\"description\":\"Not\u00edcias, opini\u00e3o e jornalismo de urg\u00eancia.\",\"publisher\":{\"@id\":\"https:\/\/midianinja.org\/#organization\"},\"potentialAction\":[{\"@type\":\"SearchAction\",\"target\":{\"@type\":\"EntryPoint\",\"urlTemplate\":\"https:\/\/midianinja.org\/?s={search_term_string}\"},\"query-input\":{\"@type\":\"PropertyValueSpecification\",\"valueRequired\":true,\"valueName\":\"search_term_string\"}}],\"inLanguage\":\"es\"},{\"@type\":\"Organization\",\"@id\":\"https:\/\/midianinja.org\/#organization\",\"name\":\"M\u00eddia NINJA\",\"url\":\"https:\/\/midianinja.org\/\",\"logo\":{\"@type\":\"ImageObject\",\"inLanguage\":\"es\",\"@id\":\"https:\/\/midianinja.org\/#\/schema\/logo\/image\/\",\"url\":\"https:\/\/midianinja.org\/wp-content\/uploads\/2022\/11\/ninja-logo-preto-1.png\",\"contentUrl\":\"https:\/\/midianinja.org\/wp-content\/uploads\/2022\/11\/ninja-logo-preto-1.png\",\"width\":90,\"height\":60,\"caption\":\"M\u00eddia NINJA\"},\"image\":{\"@id\":\"https:\/\/midianinja.org\/#\/schema\/logo\/image\/\"},\"sameAs\":[\"https:\/\/www.facebook.com\/MidiaNINJA\",\"https:\/\/x.com\/MidiaNINJA\",\"https:\/\/www.instagram.com\/midianinja\/\"]}]}<\/script>\n<!-- \/ Yoast SEO Premium plugin. -->","yoast_head_json":{"title":"Galeria - M\u00eddia NINJA","robots":{"index":"index","follow":"follow","max-snippet":"max-snippet:-1","max-image-preview":"max-image-preview:large","max-video-preview":"max-video-preview:-1"},"canonical":"https:\/\/midianinja.org\/es\/galeria\/","og_locale":"es_ES","og_type":"article","og_title":"Galeria","og_description":"* Todo o conte\u00fado est\u00e1 dispon\u00edvel sob a licen\u00e7a Creative Commons 4.0 CC-BY-NC. Esta licen\u00e7a permite o uso livre das imagens, desde que n\u00e3o seja para fins comerciais e que o cr\u00e9dito seja dado conforme aparece na descri\u00e7\u00e3o das mesmas em nossa conta do Flickr. Para uso comercial, entre em contato atrav\u00e9s do e-mail falecom@midianinja.org","og_url":"https:\/\/midianinja.org\/es\/galeria\/","og_site_name":"M\u00eddia NINJA","article_publisher":"https:\/\/www.facebook.com\/MidiaNINJA","twitter_card":"summary_large_image","twitter_site":"@MidiaNINJA","schema":{"@context":"https:\/\/schema.org","@graph":[{"@type":"WebPage","@id":"https:\/\/midianinja.org\/es\/galeria\/","url":"https:\/\/midianinja.org\/es\/galeria\/","name":"Galeria - M\u00eddia NINJA","isPartOf":{"@id":"https:\/\/midianinja.org\/#website"},"datePublished":"2024-04-22T18:44:00+00:00","breadcrumb":{"@id":"https:\/\/midianinja.org\/es\/galeria\/#breadcrumb"},"inLanguage":"es","potentialAction":[{"@type":"ReadAction","target":["https:\/\/midianinja.org\/es\/galeria\/"]}]},{"@type":"BreadcrumbList","@id":"https:\/\/midianinja.org\/es\/galeria\/#breadcrumb","itemListElement":[{"@type":"ListItem","position":1,"name":"In\u00edcio","item":"https:\/\/midianinja.org\/es\/"},{"@type":"ListItem","position":2,"name":"Galeria"}]},{"@type":"WebSite","@id":"https:\/\/midianinja.org\/#website","url":"https:\/\/midianinja.org\/","name":"M\u00eddia NINJA","description":"Not\u00edcias, opini\u00e3o e jornalismo de urg\u00eancia.","publisher":{"@id":"https:\/\/midianinja.org\/#organization"},"potentialAction":[{"@type":"SearchAction","target":{"@type":"EntryPoint","urlTemplate":"https:\/\/midianinja.org\/?s={search_term_string}"},"query-input":{"@type":"PropertyValueSpecification","valueRequired":true,"valueName":"search_term_string"}}],"inLanguage":"es"},{"@type":"Organization","@id":"https:\/\/midianinja.org\/#organization","name":"M\u00eddia NINJA","url":"https:\/\/midianinja.org\/","logo":{"@type":"ImageObject","inLanguage":"es","@id":"https:\/\/midianinja.org\/#\/schema\/logo\/image\/","url":"https:\/\/midianinja.org\/wp-content\/uploads\/2022\/11\/ninja-logo-preto-1.png","contentUrl":"https:\/\/midianinja.org\/wp-content\/uploads\/2022\/11\/ninja-logo-preto-1.png","width":90,"height":60,"caption":"M\u00eddia NINJA"},"image":{"@id":"https:\/\/midianinja.org\/#\/schema\/logo\/image\/"},"sameAs":["https:\/\/www.facebook.com\/MidiaNINJA","https:\/\/x.com\/MidiaNINJA","https:\/\/www.instagram.com\/midianinja\/"]}]}},"_links":{"self":[{"href":"https:\/\/midianinja.org\/es\/wp-json\/wp\/v2\/pages\/4604000","targetHints":{"allow":["GET"]}}],"collection":[{"href":"https:\/\/midianinja.org\/es\/wp-json\/wp\/v2\/pages"}],"about":[{"href":"https:\/\/midianinja.org\/es\/wp-json\/wp\/v2\/types\/page"}],"author":[{"embeddable":true,"href":"https:\/\/midianinja.org\/es\/wp-json\/wp\/v2\/users\/11285"}],"replies":[{"embeddable":true,"href":"https:\/\/midianinja.org\/es\/wp-json\/wp\/v2\/comments?post=4604000"}],"version-history":[{"count":0,"href":"https:\/\/midianinja.org\/es\/wp-json\/wp\/v2\/pages\/4604000\/revisions"}],"wp:attachment":[{"href":"https:\/\/midianinja.org\/es\/wp-json\/wp\/v2\/media?parent=4604000"}],"wp:term":[{"taxonomy":"brand","embeddable":true,"href":"https:\/\/midianinja.org\/es\/wp-json\/wp\/v2\/brand?post=4604000"},{"taxonomy":"newspack_spnsrs_tax","embeddable":true,"href":"https:\/\/midianinja.org\/es\/wp-json\/wp\/v2\/newspack_spnsrs_tax?post=4604000"},{"taxonomy":"author","embeddable":true,"href":"https:\/\/midianinja.org\/es\/wp-json\/wp\/v2\/coauthors?post=4604000"}],"curies":[{"name":"wp","href":"https:\/\/api.w.org\/{rel}","templated":true}]}}