{"id":4603997,"date":"2024-04-10T18:12:11","date_gmt":"2024-04-10T21:12:11","guid":{"rendered":"https:\/\/midianinja.org\/colunistas\/"},"modified":"2025-08-29T12:17:19","modified_gmt":"2025-08-29T15:17:19","slug":"colunistas","status":"publish","type":"page","link":"https:\/\/midianinja.org\/es\/colunistas\/","title":{"rendered":"Colunistas"},"content":{"rendered":"\n<div class=\"wp-block-columns is-layout-flex wp-container-core-columns-is-layout-9d6595d7 wp-block-columns-is-layout-flex\">\n<div class=\"wp-block-column is-layout-flow wp-block-column-is-layout-flow\" style=\"flex-basis:75%\">\n<div class=\"wp-block-cover\"><img data-dominant-color=\"585858\" data-has-transparency=\"false\" style=\"--dominant-color: #585858;\" loading=\"lazy\" decoding=\"async\" width=\"1920\" height=\"1080\" sizes=\"auto, (max-width: 1920px) 100vw, 1920px\" class=\"wp-block-cover__image-background wp-image-4579691 not-transparent\" alt=\"\" src=\"https:\/\/midianinja.org\/wp-content\/uploads\/2024\/09\/ninja-coluna-site-capa-jpg.webp\" data-object-fit=\"cover\" srcset=\"https:\/\/midianinja.org\/wp-content\/uploads\/2024\/09\/ninja-coluna-site-capa-jpg.webp 1920w, https:\/\/midianinja.org\/wp-content\/uploads\/2024\/09\/ninja-coluna-site-capa-300x169.webp 300w, https:\/\/midianinja.org\/wp-content\/uploads\/2024\/09\/ninja-coluna-site-capa-1024x576.webp 1024w, https:\/\/midianinja.org\/wp-content\/uploads\/2024\/09\/ninja-coluna-site-capa-768x432.webp 768w, https:\/\/midianinja.org\/wp-content\/uploads\/2024\/09\/ninja-coluna-site-capa-1536x864.webp 1536w, https:\/\/midianinja.org\/wp-content\/uploads\/2024\/09\/ninja-coluna-site-capa-1200x675.webp 1200w, https:\/\/midianinja.org\/wp-content\/uploads\/2024\/09\/ninja-coluna-site-capa-1000x563.webp 1000w\" \/><span aria-hidden=\"true\" class=\"wp-block-cover__background has-background-dim-0 has-background-dim\" style=\"background-color:#787878\"><\/span><div class=\"wp-block-cover__inner-container is-layout-constrained wp-block-cover-is-layout-constrained\">\n<div class=\"wp-block-columns is-layout-flex wp-container-core-columns-is-layout-9d6595d7 wp-block-columns-is-layout-flex\">\n<div class=\"wp-block-column is-layout-flow wp-block-column-is-layout-flow\">\n<p>OPINI\u00c3O<\/p>\n\n\n\n<h1 class=\"wp-block-heading\" id=\"h-colunistas\">Colunistas<\/h1>\n\n\n\n<p>Time de autores convidados para produzir colunas de opini\u00e3o que exploraram debates acerca de temas pertinentes da sociedade, especialmente assuntos que demandam leituras mais aprofundadas para al\u00e9m dos memes e hard news das redes sociais.<\/p>\n<\/div>\n<\/div>\n<\/div><\/div>\n<\/div>\n\n\n\n<div class=\"wp-block-column is-layout-constrained wp-block-column-is-layout-constrained\"><div id=\"block__latest-vertical-posts-4603997-0\" class=\"latest-vertical-posts-block post--has-grid post--columns-2 post--grid-columns post--content-below post--has-thumbnail post--thumbnail-rounded post--has-thumbnail colunas model-columnists\" data-slider=\"vertical-posts\"><div class=\"latest-vertical-posts-block__heading\"><h2>Mais Lidos<\/h2><\/div><div class=\"latest-vertical-posts-block__slides\"><div class='slide'><div class=\"slide-grid\">\n<a href=\"https:\/\/midianinja.org\/es\/author\/estudantes-ninja\/\">\n    <div class=\"post co-author\">\n                    <div class=\"post-thumbnail\">\n                <div class=\"post-thumbnail--image\">\n                                    <\/div>\n            <\/div>\n                <div class=\"post-content\">\n            <h3 class=\"post-title\">Estudantes NINJA<\/h3>\n                    <\/div>\n    <\/div>\n<\/a>\n\n<a href=\"https:\/\/midianinja.org\/es\/author\/mpa\/\">\n    <div class=\"post co-author\">\n                    <div class=\"post-thumbnail\">\n                <div class=\"post-thumbnail--image\">\n                                    <\/div>\n            <\/div>\n                <div class=\"post-content\">\n            <h3 class=\"post-title\">Movimento dos Pequenos Agricultores<\/h3>\n                    <\/div>\n    <\/div>\n<\/a>\n\n<a href=\"https:\/\/midianinja.org\/es\/author\/laiorocha\/\">\n    <div class=\"post co-author\">\n                    <div class=\"post-thumbnail\">\n                <div class=\"post-thumbnail--image\">\n                                    <\/div>\n            <\/div>\n                <div class=\"post-content\">\n            <h3 class=\"post-title\">Laio Rocha<\/h3>\n                    <\/div>\n    <\/div>\n<\/a>\n<\/div><!-- .slide-grid --><\/div><div class='slide'><div class=\"slide-grid\">\n<a href=\"https:\/\/midianinja.org\/es\/author\/juanmanuelpdominguez\/\">\n    <div class=\"post co-author\">\n                    <div class=\"post-thumbnail\">\n                <div class=\"post-thumbnail--image\">\n                                    <\/div>\n            <\/div>\n                <div class=\"post-content\">\n            <h3 class=\"post-title\">Juan Manuel P. Dom\u00ednguez<\/h3>\n                    <\/div>\n    <\/div>\n<\/a>\n\n<a href=\"https:\/\/midianinja.org\/es\/author\/casa-ninja-amazonia\/\">\n    <div class=\"post co-author\">\n                    <div class=\"post-thumbnail\">\n                <div class=\"post-thumbnail--image\">\n                                    <\/div>\n            <\/div>\n                <div class=\"post-content\">\n            <h3 class=\"post-title\">Casa NINJA Amaz\u00f4nia<\/h3>\n                    <\/div>\n    <\/div>\n<\/a>\n\n<a href=\"https:\/\/midianinja.org\/es\/author\/marciosantilli\/\">\n    <div class=\"post co-author\">\n                    <div class=\"post-thumbnail\">\n                <div class=\"post-thumbnail--image\">\n                                    <\/div>\n            <\/div>\n                <div class=\"post-content\">\n            <h3 class=\"post-title\">M\u00e1rcio Santilli<\/h3>\n                    <\/div>\n    <\/div>\n<\/a>\n<\/div><!-- .slide-grid --><\/div><div class='slide'><div class=\"slide-grid\">\n<a href=\"https:\/\/midianinja.org\/es\/author\/pretaspretospoder\/\">\n    <div class=\"post co-author\">\n                    <div class=\"post-thumbnail\">\n                <div class=\"post-thumbnail--image\">\n                                    <\/div>\n            <\/div>\n                <div class=\"post-content\">\n            <h3 class=\"post-title\">Poderes Pretos<\/h3>\n                    <\/div>\n    <\/div>\n<\/a>\n\n<a href=\"https:\/\/midianinja.org\/es\/author\/agenciapublica\/\">\n    <div class=\"post co-author\">\n                    <div class=\"post-thumbnail\">\n                <div class=\"post-thumbnail--image\">\n                                    <\/div>\n            <\/div>\n                <div class=\"post-content\">\n            <h3 class=\"post-title\">Ag\u00eancia P\u00fablica<\/h3>\n                    <\/div>\n    <\/div>\n<\/a>\n\n<a href=\"https:\/\/midianinja.org\/es\/author\/eduardosa\/\">\n    <div class=\"post co-author\">\n                    <div class=\"post-thumbnail\">\n                <div class=\"post-thumbnail--image\">\n                                    <\/div>\n            <\/div>\n                <div class=\"post-content\">\n            <h3 class=\"post-title\">Eduardo S\u00e1<\/h3>\n                    <\/div>\n    <\/div>\n<\/a>\n<\/div><!-- .slide-grid --><\/div><div class='slide'><div class=\"slide-grid\">\n<a href=\"https:\/\/midianinja.org\/es\/author\/martadillon\/\">\n    <div class=\"post co-author\">\n                    <div class=\"post-thumbnail\">\n                <div class=\"post-thumbnail--image\">\n                                    <\/div>\n            <\/div>\n                <div class=\"post-content\">\n            <h3 class=\"post-title\">Marta Dillon<\/h3>\n                    <\/div>\n    <\/div>\n<\/a>\n<\/div><!-- .slide-grid --><\/div><\/div><!-- .latest-vertical-posts-block__slides --><div class=\"latest-vertical-posts-block__footer\"><div class=\"latest-vertical-posts-block__dots\"><\/div><div class=\"latest-vertical-posts-block__arrows\"><\/div><\/div><!-- .latest-vertical-posts-block__footer --><\/div><!-- .latest-vertical-posts-block --><\/div>\n<\/div>\n\n\n\n<div style=\"height:50px\" aria-hidden=\"true\" class=\"wp-block-spacer\"><\/div>\n\n\n\n\t<div class=\"authors-list-block\">\n\t\t<div class=\"container\">\n\n\t\t\t<!-- AUTORES DESTACADOS -->\n\t\t\t\t\t\t\t<div class=\"authors-list-block__featured-authors\">\n\t\t\t\t\t\n<div class=\"authors-list-block__featured-author\">\n\t<div class=\"authors-list-block__featured-avatar\">\n\t\t<a href=\"https:\/\/midianinja.org\/es\/author\/duda-salabert\/\">\n\t\t\t<img loading=\"lazy\" decoding=\"async\" width=\"170\" height=\"170\" src=\"https:\/\/midianinja.org\/wp-content\/uploads\/2025\/07\/Modelo-Colunista-\u2014-Feed-\u2014-NINJA-23-200x200.webp\" class=\"avatar avatar-170 photo has-transparency wp-post-image\" alt=\"\" srcset=\"https:\/\/midianinja.org\/wp-content\/uploads\/2025\/07\/Modelo-Colunista-\u2014-Feed-\u2014-NINJA-23-200x200.webp 200w, https:\/\/midianinja.org\/wp-content\/uploads\/2025\/07\/Modelo-Colunista-\u2014-Feed-\u2014-NINJA-23-300x300.webp 300w, https:\/\/midianinja.org\/wp-content\/uploads\/2025\/07\/Modelo-Colunista-\u2014-Feed-\u2014-NINJA-23-750x750.webp 750w, https:\/\/midianinja.org\/wp-content\/uploads\/2025\/07\/Modelo-Colunista-\u2014-Feed-\u2014-NINJA-23-150x150.webp 150w, https:\/\/midianinja.org\/wp-content\/uploads\/2025\/07\/Modelo-Colunista-\u2014-Feed-\u2014-NINJA-23-768x768.webp 768w, https:\/\/midianinja.org\/wp-content\/uploads\/2025\/07\/Modelo-Colunista-\u2014-Feed-\u2014-NINJA-23-800x800.webp 800w, https:\/\/midianinja.org\/wp-content\/uploads\/2025\/07\/Modelo-Colunista-\u2014-Feed-\u2014-NINJA-23-600x600.webp 600w, https:\/\/midianinja.org\/wp-content\/uploads\/2025\/07\/Modelo-Colunista-\u2014-Feed-\u2014-NINJA-23-400x400.webp 400w, https:\/\/midianinja.org\/wp-content\/uploads\/2025\/07\/Modelo-Colunista-\u2014-Feed-\u2014-NINJA-23.webp 1080w\" sizes=\"auto, (max-width: 170px) 100vw, 170px\" data-has-transparency=\"true\" data-dominant-color=\"567764\" style=\"--dominant-color: #567764;\" \/>\t\t\t<p>Duda Salabert<\/p>\n\t\t<\/a>\n\t<\/div>\n\t<div class=\"authors-list-block__featured-posts\">\n\t\t<\/div>\n\t<div class=\"authors-list-block__featured-link\">\n\t\t<a href=\"https:\/\/midianinja.org\/es\/author\/duda-salabert\/\">See all columns<\/a>\n\t<\/div>\n<\/div>\n\n<div class=\"authors-list-block__featured-author\">\n\t<div class=\"authors-list-block__featured-avatar\">\n\t\t<a href=\"https:\/\/midianinja.org\/es\/author\/monicafrancisco\/\">\n\t\t\t<img loading=\"lazy\" decoding=\"async\" width=\"170\" height=\"170\" src=\"https:\/\/midianinja.org\/wp-content\/uploads\/2021\/10\/Monica-Francisco-Colunista-300x300.png\" class=\"avatar avatar-170 photo wp-post-image\" alt=\"\" srcset=\"https:\/\/midianinja.org\/wp-content\/uploads\/2021\/10\/Monica-Francisco-Colunista-300x300.png 300w, https:\/\/midianinja.org\/wp-content\/uploads\/2021\/10\/Monica-Francisco-Colunista-150x150.png 150w, https:\/\/midianinja.org\/wp-content\/uploads\/2021\/10\/Monica-Francisco-Colunista.png 540w\" sizes=\"auto, (max-width: 170px) 100vw, 170px\" \/>\t\t\t<p>M\u00f4nica Francisco<\/p>\n\t\t<\/a>\n\t<\/div>\n\t<div class=\"authors-list-block__featured-posts\">\n\t\t<\/div>\n\t<div class=\"authors-list-block__featured-link\">\n\t\t<a href=\"https:\/\/midianinja.org\/es\/author\/monicafrancisco\/\">See all columns<\/a>\n\t<\/div>\n<\/div>\n\n<div class=\"authors-list-block__featured-author\">\n\t<div class=\"authors-list-block__featured-avatar\">\n\t\t<a href=\"https:\/\/midianinja.org\/es\/author\/design-ativista\/\">\n\t\t\t<img loading=\"lazy\" decoding=\"async\" width=\"170\" height=\"170\" src=\"https:\/\/midianinja.org\/wp-content\/uploads\/2023\/02\/DA_AvatarCirculo-300x300.png\" class=\"avatar avatar-170 photo wp-post-image\" alt=\"\" srcset=\"https:\/\/midianinja.org\/wp-content\/uploads\/2023\/02\/DA_AvatarCirculo-300x300.png 300w, https:\/\/midianinja.org\/wp-content\/uploads\/2023\/02\/DA_AvatarCirculo-150x150.png 150w, https:\/\/midianinja.org\/wp-content\/uploads\/2023\/02\/DA_AvatarCirculo-768x768.png 768w, https:\/\/midianinja.org\/wp-content\/uploads\/2023\/02\/DA_AvatarCirculo-1024x1024.png 1024w, https:\/\/midianinja.org\/wp-content\/uploads\/2023\/02\/DA_AvatarCirculo.png 1080w, https:\/\/midianinja.org\/wp-content\/uploads\/2023\/02\/DA_AvatarCirculo-600x600.png 600w\" sizes=\"auto, (max-width: 170px) 100vw, 170px\" \/>\t\t\t<p>Design Ativista<\/p>\n\t\t<\/a>\n\t<\/div>\n\t<div class=\"authors-list-block__featured-posts\">\n\t\t<\/div>\n\t<div class=\"authors-list-block__featured-link\">\n\t\t<a href=\"https:\/\/midianinja.org\/es\/author\/design-ativista\/\">See all columns<\/a>\n\t<\/div>\n<\/div>\n\n<div class=\"authors-list-block__featured-author\">\n\t<div class=\"authors-list-block__featured-avatar\">\n\t\t<a href=\"https:\/\/midianinja.org\/es\/author\/colunista-ninja\/\">\n\t\t\t<img loading=\"lazy\" decoding=\"async\" width=\"100\" height=\"100\" src=\"https:\/\/midianinja.org\/wp-content\/uploads\/2024\/04\/avatar-ninja-redesninja.png\" class=\"avatar avatar-170 photo has-transparency wp-post-image\" alt=\"\" data-has-transparency=\"true\" data-dominant-color=\"313131\" style=\"--dominant-color: #313131;\" \/>\t\t\t<p>Colunista NINJA<\/p>\n\t\t<\/a>\n\t<\/div>\n\t<div class=\"authors-list-block__featured-posts\">\n\t\t<\/div>\n\t<div class=\"authors-list-block__featured-link\">\n\t\t<a href=\"https:\/\/midianinja.org\/es\/author\/colunista-ninja\/\">See all columns<\/a>\n\t<\/div>\n<\/div>\n\n<div class=\"authors-list-block__featured-author\">\n\t<div class=\"authors-list-block__featured-avatar\">\n\t\t<a href=\"https:\/\/midianinja.org\/es\/author\/leandrinhaduart\/\">\n\t\t\t<img loading=\"lazy\" decoding=\"async\" width=\"170\" height=\"170\" src=\"https:\/\/midianinja.org\/wp-content\/uploads\/2017\/07\/l2-300x300.png\" class=\"avatar avatar-170 photo wp-post-image\" alt=\"\" srcset=\"https:\/\/midianinja.org\/wp-content\/uploads\/2017\/07\/l2-300x300.png 300w, https:\/\/midianinja.org\/wp-content\/uploads\/2017\/07\/l2-150x150.png 150w, https:\/\/midianinja.org\/wp-content\/uploads\/2017\/07\/l2.png 400w\" sizes=\"auto, (max-width: 170px) 100vw, 170px\" \/>\t\t\t<p>Leandrinha Du Art<\/p>\n\t\t<\/a>\n\t<\/div>\n\t<div class=\"authors-list-block__featured-posts\">\n\t\t<\/div>\n\t<div class=\"authors-list-block__featured-link\">\n\t\t<a href=\"https:\/\/midianinja.org\/es\/author\/leandrinhaduart\/\">See all columns<\/a>\n\t<\/div>\n<\/div>\n\t\t\t\t<\/div>\n\t\t\t\n\t\t\t<!-- \ud83d\udd0e CAMPO DE BUSCA -->\n\t\t\t<div class=\"authors-list-block__search\">\n\t\t\t\t<input\n\t\t\t\t\ttype=\"text\"\n\t\t\t\t\tid=\"authors-search-input\"\n\t\t\t\t\tclass=\"authors-list-block__search-input\"\n\t\t\t\t\tplaceholder=\"Pesquisar colunista...\"\n\t\t\t\t\tautocomplete=\"off\"\n\t\t\t\t\/>\n\t\t\t<\/div>\n\n\t\t\t\t\t\t\t<h2 class=\"authors-list-block__subheading\">\n\t\t\t\t\tMais colunistas NINJA\t\t\t\t<\/h2>\n\t\t\t\n\t\t\t<!-- CONTAINER ONDE O REACT VAI MONTAR -->\n\t\t\t<div\n\t\t\t\tid=\"authors-react-root\"\n\t\t\t\tclass=\"authors-list-block__authors\"\n\t\t\t><\/div>\n\n\t\t<\/div>\n\t<\/div>\n\n\t","protected":false},"excerpt":{"rendered":"","protected":false},"author":11285,"featured_media":0,"parent":0,"menu_order":18,"comment_status":"closed","ping_status":"closed","template":"template-colunistas.php","meta":{"_coblocks_attr":"","_coblocks_dimensions":"","_coblocks_responsive_height":"","_coblocks_accordion_ie_support":"","newspack_ads_suppress_ads":false,"newspack_popups_has_disabled_popups":false,"newspack_sponsor_sponsorship_scope":"","newspack_sponsor_native_byline_display":"inherit","newspack_sponsor_native_category_display":"inherit","newspack_sponsor_underwriter_style":"inherit","newspack_sponsor_underwriter_placement":"inherit","rop_custom_images_group":[],"rop_custom_messages_group":[],"rop_publish_now":"initial","rop_publish_now_accounts":[],"rop_publish_now_history":[],"rop_publish_now_status":"pending","_themeisle_gutenberg_block_has_review":false,"_primary_brand":0,"footnotes":""},"brand":[],"newspack_spnsrs_tax":[],"coauthors":[21029,12826],"class_list":["post-4603997","page","type-page","status-publish","hentry"],"yoast_head":"<!-- This site is optimized with the Yoast SEO Premium plugin v25.2 (Yoast SEO v26.1.1) - https:\/\/yoast.com\/wordpress\/plugins\/seo\/ -->\n<title>Colunistas - M\u00eddia NINJA<\/title>\n<meta name=\"robots\" content=\"index, follow, max-snippet:-1, max-image-preview:large, max-video-preview:-1\" \/>\n<link rel=\"canonical\" href=\"https:\/\/midianinja.org\/es\/colunistas\/\" \/>\n<meta property=\"og:locale\" content=\"es_ES\" \/>\n<meta property=\"og:type\" content=\"article\" \/>\n<meta property=\"og:title\" content=\"Colunistas\" \/>\n<meta property=\"og:url\" content=\"https:\/\/midianinja.org\/es\/colunistas\/\" \/>\n<meta property=\"og:site_name\" content=\"M\u00eddia NINJA\" \/>\n<meta property=\"article:publisher\" content=\"https:\/\/www.facebook.com\/MidiaNINJA\" \/>\n<meta property=\"article:modified_time\" content=\"2025-08-29T15:17:19+00:00\" \/>\n<meta property=\"og:image\" content=\"https:\/\/midianinja.org\/wp-content\/uploads\/2024\/09\/ninja-coluna-site-capa-jpg.webp\" \/>\n\t<meta property=\"og:image:width\" content=\"1920\" \/>\n\t<meta property=\"og:image:height\" content=\"1080\" \/>\n\t<meta property=\"og:image:type\" content=\"image\/jpeg\" \/>\n<meta name=\"twitter:card\" content=\"summary_large_image\" \/>\n<meta name=\"twitter:site\" content=\"@MidiaNINJA\" \/>\n<meta name=\"twitter:label1\" content=\"Tiempo de lectura\" \/>\n\t<meta name=\"twitter:data1\" content=\"1 minuto\" \/>\n\t<meta name=\"twitter:label2\" content=\"Written by\" \/>\n\t<meta name=\"twitter:data2\" content=\"Juan Manuel P. Dom\u00ednguez\" \/>\n<script type=\"application\/ld+json\" class=\"yoast-schema-graph\">{\"@context\":\"https:\/\/schema.org\",\"@graph\":[{\"@type\":\"WebPage\",\"@id\":\"https:\/\/midianinja.org\/es\/colunistas\/\",\"url\":\"https:\/\/midianinja.org\/es\/colunistas\/\",\"name\":\"Colunistas - M\u00eddia NINJA\",\"isPartOf\":{\"@id\":\"https:\/\/midianinja.org\/#website\"},\"primaryImageOfPage\":{\"@id\":\"https:\/\/midianinja.org\/es\/colunistas\/#primaryimage\"},\"image\":{\"@id\":\"https:\/\/midianinja.org\/es\/colunistas\/#primaryimage\"},\"thumbnailUrl\":\"https:\/\/midianinja.org\/wp-content\/uploads\/2024\/09\/ninja-coluna-site-capa-jpg.webp\",\"datePublished\":\"2024-04-10T21:12:11+00:00\",\"dateModified\":\"2025-08-29T15:17:19+00:00\",\"breadcrumb\":{\"@id\":\"https:\/\/midianinja.org\/es\/colunistas\/#breadcrumb\"},\"inLanguage\":\"es\",\"potentialAction\":[{\"@type\":\"ReadAction\",\"target\":[\"https:\/\/midianinja.org\/es\/colunistas\/\"]}]},{\"@type\":\"ImageObject\",\"inLanguage\":\"es\",\"@id\":\"https:\/\/midianinja.org\/es\/colunistas\/#primaryimage\",\"url\":\"https:\/\/midianinja.org\/wp-content\/uploads\/2024\/09\/ninja-coluna-site-capa-jpg.webp\",\"contentUrl\":\"https:\/\/midianinja.org\/wp-content\/uploads\/2024\/09\/ninja-coluna-site-capa-jpg.webp\"},{\"@type\":\"BreadcrumbList\",\"@id\":\"https:\/\/midianinja.org\/es\/colunistas\/#breadcrumb\",\"itemListElement\":[{\"@type\":\"ListItem\",\"position\":1,\"name\":\"In\u00edcio\",\"item\":\"https:\/\/midianinja.org\/es\/\"},{\"@type\":\"ListItem\",\"position\":2,\"name\":\"Colunistas\"}]},{\"@type\":\"WebSite\",\"@id\":\"https:\/\/midianinja.org\/#website\",\"url\":\"https:\/\/midianinja.org\/\",\"name\":\"M\u00eddia NINJA\",\"description\":\"Not\u00edcias, opini\u00e3o e jornalismo de urg\u00eancia.\",\"publisher\":{\"@id\":\"https:\/\/midianinja.org\/#organization\"},\"potentialAction\":[{\"@type\":\"SearchAction\",\"target\":{\"@type\":\"EntryPoint\",\"urlTemplate\":\"https:\/\/midianinja.org\/?s={search_term_string}\"},\"query-input\":{\"@type\":\"PropertyValueSpecification\",\"valueRequired\":true,\"valueName\":\"search_term_string\"}}],\"inLanguage\":\"es\"},{\"@type\":\"Organization\",\"@id\":\"https:\/\/midianinja.org\/#organization\",\"name\":\"M\u00eddia NINJA\",\"url\":\"https:\/\/midianinja.org\/\",\"logo\":{\"@type\":\"ImageObject\",\"inLanguage\":\"es\",\"@id\":\"https:\/\/midianinja.org\/#\/schema\/logo\/image\/\",\"url\":\"https:\/\/midianinja.org\/wp-content\/uploads\/2022\/11\/ninja-logo-preto-1.png\",\"contentUrl\":\"https:\/\/midianinja.org\/wp-content\/uploads\/2022\/11\/ninja-logo-preto-1.png\",\"width\":90,\"height\":60,\"caption\":\"M\u00eddia NINJA\"},\"image\":{\"@id\":\"https:\/\/midianinja.org\/#\/schema\/logo\/image\/\"},\"sameAs\":[\"https:\/\/www.facebook.com\/MidiaNINJA\",\"https:\/\/x.com\/MidiaNINJA\",\"https:\/\/www.instagram.com\/midianinja\/\"]}]}<\/script>\n<!-- \/ Yoast SEO Premium plugin. -->","yoast_head_json":{"title":"Colunistas - M\u00eddia NINJA","robots":{"index":"index","follow":"follow","max-snippet":"max-snippet:-1","max-image-preview":"max-image-preview:large","max-video-preview":"max-video-preview:-1"},"canonical":"https:\/\/midianinja.org\/es\/colunistas\/","og_locale":"es_ES","og_type":"article","og_title":"Colunistas","og_url":"https:\/\/midianinja.org\/es\/colunistas\/","og_site_name":"M\u00eddia NINJA","article_publisher":"https:\/\/www.facebook.com\/MidiaNINJA","article_modified_time":"2025-08-29T15:17:19+00:00","og_image":[{"width":1920,"height":1080,"url":"https:\/\/midianinja.org\/wp-content\/uploads\/2024\/09\/ninja-coluna-site-capa-jpg.webp","type":"image\/jpeg"}],"twitter_card":"summary_large_image","twitter_site":"@MidiaNINJA","twitter_misc":{"Tiempo de lectura":"1 minuto","Written by":"Juan Manuel P. Dom\u00ednguez"},"schema":{"@context":"https:\/\/schema.org","@graph":[{"@type":"WebPage","@id":"https:\/\/midianinja.org\/es\/colunistas\/","url":"https:\/\/midianinja.org\/es\/colunistas\/","name":"Colunistas - M\u00eddia NINJA","isPartOf":{"@id":"https:\/\/midianinja.org\/#website"},"primaryImageOfPage":{"@id":"https:\/\/midianinja.org\/es\/colunistas\/#primaryimage"},"image":{"@id":"https:\/\/midianinja.org\/es\/colunistas\/#primaryimage"},"thumbnailUrl":"https:\/\/midianinja.org\/wp-content\/uploads\/2024\/09\/ninja-coluna-site-capa-jpg.webp","datePublished":"2024-04-10T21:12:11+00:00","dateModified":"2025-08-29T15:17:19+00:00","breadcrumb":{"@id":"https:\/\/midianinja.org\/es\/colunistas\/#breadcrumb"},"inLanguage":"es","potentialAction":[{"@type":"ReadAction","target":["https:\/\/midianinja.org\/es\/colunistas\/"]}]},{"@type":"ImageObject","inLanguage":"es","@id":"https:\/\/midianinja.org\/es\/colunistas\/#primaryimage","url":"https:\/\/midianinja.org\/wp-content\/uploads\/2024\/09\/ninja-coluna-site-capa-jpg.webp","contentUrl":"https:\/\/midianinja.org\/wp-content\/uploads\/2024\/09\/ninja-coluna-site-capa-jpg.webp"},{"@type":"BreadcrumbList","@id":"https:\/\/midianinja.org\/es\/colunistas\/#breadcrumb","itemListElement":[{"@type":"ListItem","position":1,"name":"In\u00edcio","item":"https:\/\/midianinja.org\/es\/"},{"@type":"ListItem","position":2,"name":"Colunistas"}]},{"@type":"WebSite","@id":"https:\/\/midianinja.org\/#website","url":"https:\/\/midianinja.org\/","name":"M\u00eddia NINJA","description":"Not\u00edcias, opini\u00e3o e jornalismo de urg\u00eancia.","publisher":{"@id":"https:\/\/midianinja.org\/#organization"},"potentialAction":[{"@type":"SearchAction","target":{"@type":"EntryPoint","urlTemplate":"https:\/\/midianinja.org\/?s={search_term_string}"},"query-input":{"@type":"PropertyValueSpecification","valueRequired":true,"valueName":"search_term_string"}}],"inLanguage":"es"},{"@type":"Organization","@id":"https:\/\/midianinja.org\/#organization","name":"M\u00eddia NINJA","url":"https:\/\/midianinja.org\/","logo":{"@type":"ImageObject","inLanguage":"es","@id":"https:\/\/midianinja.org\/#\/schema\/logo\/image\/","url":"https:\/\/midianinja.org\/wp-content\/uploads\/2022\/11\/ninja-logo-preto-1.png","contentUrl":"https:\/\/midianinja.org\/wp-content\/uploads\/2022\/11\/ninja-logo-preto-1.png","width":90,"height":60,"caption":"M\u00eddia NINJA"},"image":{"@id":"https:\/\/midianinja.org\/#\/schema\/logo\/image\/"},"sameAs":["https:\/\/www.facebook.com\/MidiaNINJA","https:\/\/x.com\/MidiaNINJA","https:\/\/www.instagram.com\/midianinja\/"]}]}},"_links":{"self":[{"href":"https:\/\/midianinja.org\/es\/wp-json\/wp\/v2\/pages\/4603997","targetHints":{"allow":["GET"]}}],"collection":[{"href":"https:\/\/midianinja.org\/es\/wp-json\/wp\/v2\/pages"}],"about":[{"href":"https:\/\/midianinja.org\/es\/wp-json\/wp\/v2\/types\/page"}],"author":[{"embeddable":true,"href":"https:\/\/midianinja.org\/es\/wp-json\/wp\/v2\/users\/11285"}],"replies":[{"embeddable":true,"href":"https:\/\/midianinja.org\/es\/wp-json\/wp\/v2\/comments?post=4603997"}],"version-history":[{"count":1,"href":"https:\/\/midianinja.org\/es\/wp-json\/wp\/v2\/pages\/4603997\/revisions"}],"predecessor-version":[{"id":4604029,"href":"https:\/\/midianinja.org\/es\/wp-json\/wp\/v2\/pages\/4603997\/revisions\/4604029"}],"wp:attachment":[{"href":"https:\/\/midianinja.org\/es\/wp-json\/wp\/v2\/media?parent=4603997"}],"wp:term":[{"taxonomy":"brand","embeddable":true,"href":"https:\/\/midianinja.org\/es\/wp-json\/wp\/v2\/brand?post=4603997"},{"taxonomy":"newspack_spnsrs_tax","embeddable":true,"href":"https:\/\/midianinja.org\/es\/wp-json\/wp\/v2\/newspack_spnsrs_tax?post=4603997"},{"taxonomy":"author","embeddable":true,"href":"https:\/\/midianinja.org\/es\/wp-json\/wp\/v2\/coauthors?post=4603997"}],"curies":[{"name":"wp","href":"https:\/\/api.w.org\/{rel}","templated":true}]}}