{"id":4546589,"date":"2024-04-04T08:32:46","date_gmt":"2024-04-04T11:32:46","guid":{"rendered":"https:\/\/midianinja.org\/a-midia-ninja\/"},"modified":"2025-08-29T12:11:09","modified_gmt":"2025-08-29T15:11:09","slug":"a-midia-ninja","status":"publish","type":"page","link":"https:\/\/midianinja.org\/es\/a-midia-ninja\/","title":{"rendered":"A M\u00eddia NINJA"},"content":{"rendered":"\n<figure class=\"wp-block-image alignfull size-full\"><img data-dominant-color=\"424242\" data-has-transparency=\"true\" style=\"--dominant-color: #424242;\" loading=\"lazy\" decoding=\"async\" width=\"1440\" height=\"909\" sizes=\"auto, (max-width: 1440px) 100vw, 1440px\" src=\"https:\/\/midianinja.org\/wp-content\/uploads\/2024\/04\/NINJA-site-quemsomos-capa.png\" alt=\"\" class=\"wp-image-4554667 has-transparency\" srcset=\"https:\/\/midianinja.org\/wp-content\/uploads\/2024\/04\/NINJA-site-quemsomos-capa.png 1440w, https:\/\/midianinja.org\/wp-content\/uploads\/2024\/04\/NINJA-site-quemsomos-capa-300x189.png 300w, https:\/\/midianinja.org\/wp-content\/uploads\/2024\/04\/NINJA-site-quemsomos-capa-1024x646.png 1024w, https:\/\/midianinja.org\/wp-content\/uploads\/2024\/04\/NINJA-site-quemsomos-capa-768x485.png 768w, https:\/\/midianinja.org\/wp-content\/uploads\/2024\/04\/NINJA-site-quemsomos-capa-1200x758.png 1200w\" \/><\/figure>\n\n\n\n<div style=\"height:100px\" aria-hidden=\"true\" class=\"wp-block-spacer\"><\/div>\n\n\n\n<div class=\"wp-block-group is-layout-constrained wp-container-core-group-is-layout-44680055 wp-block-group-is-layout-constrained\">\n<p>Uma rede de comunica\u00e7\u00e3o livre que busca novas formas de produ\u00e7\u00e3o e distribui\u00e7\u00e3o de informa\u00e7\u00e3o a partir da tecnologia e de uma l\u00f3gica colaborativa de trabalho. Entendemos a comunica\u00e7\u00e3o democr\u00e1tica como um direito humano e defendemos o interesse p\u00fablico, a diversidade cultural e o direito \u00e0 informa\u00e7\u00e3o, visibilizando pautas de comunica\u00e7\u00e3o, causas identit\u00e1rias, cultura, clima, meio ambiente, juventude e outras que dialogam com os desafios do s\u00e9culo XXI.<\/p>\n\n\n\n<p>Surgimos em meio a multid\u00e3o. Num momento decisivo em que a hist\u00f3ria do pa\u00eds se p\u00f4s diante de n\u00f3s. Fomos os olhos, a voz e o cora\u00e7\u00e3o de milhares de pessoas. Transmitindo de dentro os acontecimentos, nos envolvemos e fomos parte do processo de transmuta\u00e7\u00e3o pol\u00edtica de nossa gera\u00e7\u00e3o.<\/p>\n\n\n\n<p>A M\u00eddia NINJA foi fundada em 2013 e ganhou notoriedade durante as manifesta\u00e7\u00f5es de junho que reuniram milh\u00f5es nas ruas do Brasil. \u00c0 ocasi\u00e3o realizou coberturas ao vivo de dentro dos protestos, com m\u00faltiplos pontos de vista invis\u00edveis na m\u00eddia tradicional. Em 2016 foi uma das principais iniciativas de resist\u00eancia na luta pelo fortalecimento da democracia em meio a instabilidade pol\u00edtica. Foi resist\u00eancia e promoveu in\u00fameras den\u00fancias aos governos de Michel Temer e Jair Bolsonaro e ainda cumpriu papel decisivo de conscientiza\u00e7\u00e3o da popula\u00e7\u00e3o durante a pandemia de Covid-19.<\/p>\n\n\n\n<p>Ao longo de seus 10 anos de trabalho a produ\u00e7\u00e3o de conte\u00fado da NINJA se tornou refer\u00eancia como linguagem est\u00e9tica e na \u00e1rea de forma\u00e7\u00e3o pol\u00edtica. Seu trabalho de fotografia, audiovisual e design j\u00e1 foram partes de exposi\u00e7\u00f5es como a \u00abCorpo a Corpo\u00bb, no Instituto Moreira Salles em S\u00e3o Paulo, e o \u00abO mundo visto do Brasil\u00bb, na Fran\u00e7a, al\u00e9m de outras ocasi\u00f5es na It\u00e1lia, Nova Zel\u00e2ndia, Estados Unidos, Argentina e Uruguai. No front da educa\u00e7\u00e3o, a NINJA j\u00e1 foi objeto de estudo em diversas pesquisas e teses universit\u00e1rias, al\u00e9m de ministrar oficinas e aulas especiais nas principais faculdades brasileiras e diversas outras fora do pa\u00eds.<\/p>\n<\/div>\n\n\n\n<div style=\"height:100px\" aria-hidden=\"true\" class=\"wp-block-spacer\"><\/div>\n\n\n\n<figure class=\"wp-block-image alignfull size-full\"><img loading=\"lazy\" decoding=\"async\" width=\"1440\" height=\"933\" sizes=\"auto, (max-width: 1440px) 100vw, 1440px\" src=\"https:\/\/midianinja.org\/wp-content\/uploads\/2024\/04\/NINJA-site-quemsomos-rodape-v01-1.png\" alt=\"\" class=\"wp-image-4546602\" srcset=\"https:\/\/midianinja.org\/wp-content\/uploads\/2024\/04\/NINJA-site-quemsomos-rodape-v01-1.png 1440w, https:\/\/midianinja.org\/wp-content\/uploads\/2024\/04\/NINJA-site-quemsomos-rodape-v01-1-300x194.png 300w, https:\/\/midianinja.org\/wp-content\/uploads\/2024\/04\/NINJA-site-quemsomos-rodape-v01-1-1024x663.png 1024w, https:\/\/midianinja.org\/wp-content\/uploads\/2024\/04\/NINJA-site-quemsomos-rodape-v01-1-768x498.png 768w, https:\/\/midianinja.org\/wp-content\/uploads\/2024\/04\/NINJA-site-quemsomos-rodape-v01-1-1200x778.png 1200w\" \/><\/figure>\n","protected":false},"excerpt":{"rendered":"<p>Uma rede de comunica\u00e7\u00e3o livre que busca novas formas de produ\u00e7\u00e3o e distribui\u00e7\u00e3o de informa\u00e7\u00e3o a partir da tecnologia e de uma l\u00f3gica colaborativa de trabalho. Entendemos a comunica\u00e7\u00e3o democr\u00e1tica como um direito humano e defendemos o interesse p\u00fablico, a diversidade cultural e o direito \u00e0 informa\u00e7\u00e3o, visibilizando pautas de comunica\u00e7\u00e3o, causas identit\u00e1rias, cultura, clima, [&hellip;]<\/p>\n","protected":false},"author":11285,"featured_media":0,"parent":0,"menu_order":12,"comment_status":"closed","ping_status":"closed","template":"","meta":{"_coblocks_attr":"","_coblocks_dimensions":"","_coblocks_responsive_height":"","_coblocks_accordion_ie_support":"","newspack_ads_suppress_ads":false,"newspack_popups_has_disabled_popups":false,"newspack_sponsor_sponsorship_scope":"","newspack_sponsor_native_byline_display":"inherit","newspack_sponsor_native_category_display":"inherit","newspack_sponsor_underwriter_style":"inherit","newspack_sponsor_underwriter_placement":"inherit","rop_custom_images_group":[],"rop_custom_messages_group":[],"rop_publish_now":"initial","rop_publish_now_accounts":[],"rop_publish_now_history":[],"rop_publish_now_status":"pending","_themeisle_gutenberg_block_has_review":false,"_primary_brand":0,"footnotes":""},"brand":[],"newspack_spnsrs_tax":[],"coauthors":[12937],"class_list":["post-4546589","page","type-page","status-publish","hentry"],"yoast_head":"<!-- This site is optimized with the Yoast SEO Premium plugin v25.2 (Yoast SEO v26.1.1) - https:\/\/yoast.com\/wordpress\/plugins\/seo\/ -->\n<title>A M\u00eddia NINJA - M\u00eddia NINJA<\/title>\n<meta name=\"robots\" content=\"index, follow, max-snippet:-1, max-image-preview:large, max-video-preview:-1\" \/>\n<link rel=\"canonical\" href=\"https:\/\/midianinja.org\/es\/a-midia-ninja\/\" \/>\n<meta property=\"og:locale\" content=\"es_ES\" \/>\n<meta property=\"og:type\" content=\"article\" \/>\n<meta property=\"og:title\" content=\"A M\u00eddia NINJA\" \/>\n<meta property=\"og:description\" content=\"Uma rede de comunica\u00e7\u00e3o livre que busca novas formas de produ\u00e7\u00e3o e distribui\u00e7\u00e3o de informa\u00e7\u00e3o a partir da tecnologia e de uma l\u00f3gica colaborativa de trabalho. Entendemos a comunica\u00e7\u00e3o democr\u00e1tica como um direito humano e defendemos o interesse p\u00fablico, a diversidade cultural e o direito \u00e0 informa\u00e7\u00e3o, visibilizando pautas de comunica\u00e7\u00e3o, causas identit\u00e1rias, cultura, clima, [&hellip;]\" \/>\n<meta property=\"og:url\" content=\"https:\/\/midianinja.org\/es\/a-midia-ninja\/\" \/>\n<meta property=\"og:site_name\" content=\"M\u00eddia NINJA\" \/>\n<meta property=\"article:publisher\" content=\"https:\/\/www.facebook.com\/MidiaNINJA\" \/>\n<meta property=\"article:modified_time\" content=\"2025-08-29T15:11:09+00:00\" \/>\n<meta property=\"og:image\" content=\"https:\/\/midianinja.org\/wp-content\/uploads\/2024\/04\/NINJA-site-quemsomos-capa.png\" \/>\n\t<meta property=\"og:image:width\" content=\"1440\" \/>\n\t<meta property=\"og:image:height\" content=\"909\" \/>\n\t<meta property=\"og:image:type\" content=\"image\/png\" \/>\n<meta name=\"twitter:card\" content=\"summary_large_image\" \/>\n<meta name=\"twitter:site\" content=\"@MidiaNINJA\" \/>\n<meta name=\"twitter:label1\" content=\"Tiempo de lectura\" \/>\n\t<meta name=\"twitter:data1\" content=\"3 minutos\" \/>\n<script type=\"application\/ld+json\" class=\"yoast-schema-graph\">{\"@context\":\"https:\/\/schema.org\",\"@graph\":[{\"@type\":\"WebPage\",\"@id\":\"https:\/\/midianinja.org\/es\/a-midia-ninja\/\",\"url\":\"https:\/\/midianinja.org\/es\/a-midia-ninja\/\",\"name\":\"A M\u00eddia NINJA - M\u00eddia NINJA\",\"isPartOf\":{\"@id\":\"https:\/\/midianinja.org\/#website\"},\"primaryImageOfPage\":{\"@id\":\"https:\/\/midianinja.org\/es\/a-midia-ninja\/#primaryimage\"},\"image\":{\"@id\":\"https:\/\/midianinja.org\/es\/a-midia-ninja\/#primaryimage\"},\"thumbnailUrl\":\"https:\/\/midianinja.org\/wp-content\/uploads\/2024\/04\/NINJA-site-quemsomos-capa.png\",\"datePublished\":\"2024-04-04T11:32:46+00:00\",\"dateModified\":\"2025-08-29T15:11:09+00:00\",\"breadcrumb\":{\"@id\":\"https:\/\/midianinja.org\/es\/a-midia-ninja\/#breadcrumb\"},\"inLanguage\":\"es\",\"potentialAction\":[{\"@type\":\"ReadAction\",\"target\":[\"https:\/\/midianinja.org\/es\/a-midia-ninja\/\"]}]},{\"@type\":\"ImageObject\",\"inLanguage\":\"es\",\"@id\":\"https:\/\/midianinja.org\/es\/a-midia-ninja\/#primaryimage\",\"url\":\"https:\/\/midianinja.org\/wp-content\/uploads\/2024\/04\/NINJA-site-quemsomos-capa.png\",\"contentUrl\":\"https:\/\/midianinja.org\/wp-content\/uploads\/2024\/04\/NINJA-site-quemsomos-capa.png\"},{\"@type\":\"BreadcrumbList\",\"@id\":\"https:\/\/midianinja.org\/es\/a-midia-ninja\/#breadcrumb\",\"itemListElement\":[{\"@type\":\"ListItem\",\"position\":1,\"name\":\"In\u00edcio\",\"item\":\"https:\/\/midianinja.org\/es\/\"},{\"@type\":\"ListItem\",\"position\":2,\"name\":\"A M\u00eddia NINJA\"}]},{\"@type\":\"WebSite\",\"@id\":\"https:\/\/midianinja.org\/#website\",\"url\":\"https:\/\/midianinja.org\/\",\"name\":\"M\u00eddia NINJA\",\"description\":\"Not\u00edcias, opini\u00e3o e jornalismo de urg\u00eancia.\",\"publisher\":{\"@id\":\"https:\/\/midianinja.org\/#organization\"},\"potentialAction\":[{\"@type\":\"SearchAction\",\"target\":{\"@type\":\"EntryPoint\",\"urlTemplate\":\"https:\/\/midianinja.org\/?s={search_term_string}\"},\"query-input\":{\"@type\":\"PropertyValueSpecification\",\"valueRequired\":true,\"valueName\":\"search_term_string\"}}],\"inLanguage\":\"es\"},{\"@type\":\"Organization\",\"@id\":\"https:\/\/midianinja.org\/#organization\",\"name\":\"M\u00eddia NINJA\",\"url\":\"https:\/\/midianinja.org\/\",\"logo\":{\"@type\":\"ImageObject\",\"inLanguage\":\"es\",\"@id\":\"https:\/\/midianinja.org\/#\/schema\/logo\/image\/\",\"url\":\"https:\/\/midianinja.org\/wp-content\/uploads\/2022\/11\/ninja-logo-preto-1.png\",\"contentUrl\":\"https:\/\/midianinja.org\/wp-content\/uploads\/2022\/11\/ninja-logo-preto-1.png\",\"width\":90,\"height\":60,\"caption\":\"M\u00eddia NINJA\"},\"image\":{\"@id\":\"https:\/\/midianinja.org\/#\/schema\/logo\/image\/\"},\"sameAs\":[\"https:\/\/www.facebook.com\/MidiaNINJA\",\"https:\/\/x.com\/MidiaNINJA\",\"https:\/\/www.instagram.com\/midianinja\/\"]}]}<\/script>\n<!-- \/ Yoast SEO Premium plugin. -->","yoast_head_json":{"title":"A M\u00eddia NINJA - M\u00eddia NINJA","robots":{"index":"index","follow":"follow","max-snippet":"max-snippet:-1","max-image-preview":"max-image-preview:large","max-video-preview":"max-video-preview:-1"},"canonical":"https:\/\/midianinja.org\/es\/a-midia-ninja\/","og_locale":"es_ES","og_type":"article","og_title":"A M\u00eddia NINJA","og_description":"Uma rede de comunica\u00e7\u00e3o livre que busca novas formas de produ\u00e7\u00e3o e distribui\u00e7\u00e3o de informa\u00e7\u00e3o a partir da tecnologia e de uma l\u00f3gica colaborativa de trabalho. Entendemos a comunica\u00e7\u00e3o democr\u00e1tica como um direito humano e defendemos o interesse p\u00fablico, a diversidade cultural e o direito \u00e0 informa\u00e7\u00e3o, visibilizando pautas de comunica\u00e7\u00e3o, causas identit\u00e1rias, cultura, clima, [&hellip;]","og_url":"https:\/\/midianinja.org\/es\/a-midia-ninja\/","og_site_name":"M\u00eddia NINJA","article_publisher":"https:\/\/www.facebook.com\/MidiaNINJA","article_modified_time":"2025-08-29T15:11:09+00:00","og_image":[{"width":1440,"height":909,"url":"https:\/\/midianinja.org\/wp-content\/uploads\/2024\/04\/NINJA-site-quemsomos-capa.png","type":"image\/png"}],"twitter_card":"summary_large_image","twitter_site":"@MidiaNINJA","twitter_misc":{"Tiempo de lectura":"3 minutos"},"schema":{"@context":"https:\/\/schema.org","@graph":[{"@type":"WebPage","@id":"https:\/\/midianinja.org\/es\/a-midia-ninja\/","url":"https:\/\/midianinja.org\/es\/a-midia-ninja\/","name":"A M\u00eddia NINJA - M\u00eddia NINJA","isPartOf":{"@id":"https:\/\/midianinja.org\/#website"},"primaryImageOfPage":{"@id":"https:\/\/midianinja.org\/es\/a-midia-ninja\/#primaryimage"},"image":{"@id":"https:\/\/midianinja.org\/es\/a-midia-ninja\/#primaryimage"},"thumbnailUrl":"https:\/\/midianinja.org\/wp-content\/uploads\/2024\/04\/NINJA-site-quemsomos-capa.png","datePublished":"2024-04-04T11:32:46+00:00","dateModified":"2025-08-29T15:11:09+00:00","breadcrumb":{"@id":"https:\/\/midianinja.org\/es\/a-midia-ninja\/#breadcrumb"},"inLanguage":"es","potentialAction":[{"@type":"ReadAction","target":["https:\/\/midianinja.org\/es\/a-midia-ninja\/"]}]},{"@type":"ImageObject","inLanguage":"es","@id":"https:\/\/midianinja.org\/es\/a-midia-ninja\/#primaryimage","url":"https:\/\/midianinja.org\/wp-content\/uploads\/2024\/04\/NINJA-site-quemsomos-capa.png","contentUrl":"https:\/\/midianinja.org\/wp-content\/uploads\/2024\/04\/NINJA-site-quemsomos-capa.png"},{"@type":"BreadcrumbList","@id":"https:\/\/midianinja.org\/es\/a-midia-ninja\/#breadcrumb","itemListElement":[{"@type":"ListItem","position":1,"name":"In\u00edcio","item":"https:\/\/midianinja.org\/es\/"},{"@type":"ListItem","position":2,"name":"A M\u00eddia NINJA"}]},{"@type":"WebSite","@id":"https:\/\/midianinja.org\/#website","url":"https:\/\/midianinja.org\/","name":"M\u00eddia NINJA","description":"Not\u00edcias, opini\u00e3o e jornalismo de urg\u00eancia.","publisher":{"@id":"https:\/\/midianinja.org\/#organization"},"potentialAction":[{"@type":"SearchAction","target":{"@type":"EntryPoint","urlTemplate":"https:\/\/midianinja.org\/?s={search_term_string}"},"query-input":{"@type":"PropertyValueSpecification","valueRequired":true,"valueName":"search_term_string"}}],"inLanguage":"es"},{"@type":"Organization","@id":"https:\/\/midianinja.org\/#organization","name":"M\u00eddia NINJA","url":"https:\/\/midianinja.org\/","logo":{"@type":"ImageObject","inLanguage":"es","@id":"https:\/\/midianinja.org\/#\/schema\/logo\/image\/","url":"https:\/\/midianinja.org\/wp-content\/uploads\/2022\/11\/ninja-logo-preto-1.png","contentUrl":"https:\/\/midianinja.org\/wp-content\/uploads\/2022\/11\/ninja-logo-preto-1.png","width":90,"height":60,"caption":"M\u00eddia NINJA"},"image":{"@id":"https:\/\/midianinja.org\/#\/schema\/logo\/image\/"},"sameAs":["https:\/\/www.facebook.com\/MidiaNINJA","https:\/\/x.com\/MidiaNINJA","https:\/\/www.instagram.com\/midianinja\/"]}]}},"_links":{"self":[{"href":"https:\/\/midianinja.org\/es\/wp-json\/wp\/v2\/pages\/4546589","targetHints":{"allow":["GET"]}}],"collection":[{"href":"https:\/\/midianinja.org\/es\/wp-json\/wp\/v2\/pages"}],"about":[{"href":"https:\/\/midianinja.org\/es\/wp-json\/wp\/v2\/types\/page"}],"author":[{"embeddable":true,"href":"https:\/\/midianinja.org\/es\/wp-json\/wp\/v2\/users\/11285"}],"replies":[{"embeddable":true,"href":"https:\/\/midianinja.org\/es\/wp-json\/wp\/v2\/comments?post=4546589"}],"version-history":[{"count":23,"href":"https:\/\/midianinja.org\/es\/wp-json\/wp\/v2\/pages\/4546589\/revisions"}],"predecessor-version":[{"id":4604007,"href":"https:\/\/midianinja.org\/es\/wp-json\/wp\/v2\/pages\/4546589\/revisions\/4604007"}],"wp:attachment":[{"href":"https:\/\/midianinja.org\/es\/wp-json\/wp\/v2\/media?parent=4546589"}],"wp:term":[{"taxonomy":"brand","embeddable":true,"href":"https:\/\/midianinja.org\/es\/wp-json\/wp\/v2\/brand?post=4546589"},{"taxonomy":"newspack_spnsrs_tax","embeddable":true,"href":"https:\/\/midianinja.org\/es\/wp-json\/wp\/v2\/newspack_spnsrs_tax?post=4546589"},{"taxonomy":"author","embeddable":true,"href":"https:\/\/midianinja.org\/es\/wp-json\/wp\/v2\/coauthors?post=4546589"}],"curies":[{"name":"wp","href":"https:\/\/api.w.org\/{rel}","templated":true}]}}