{"id":4546583,"date":"2024-03-21T20:27:07","date_gmt":"2024-03-21T23:27:07","guid":{"rendered":"https:\/\/midianinja.org\/seja-ninja\/"},"modified":"2024-05-08T15:34:26","modified_gmt":"2024-05-08T18:34:26","slug":"seja-ninja","status":"publish","type":"page","link":"https:\/\/midianinja.org\/es\/seja-ninja\/","title":{"rendered":"Seja NINJA"},"content":{"rendered":"\n<div class=\"wp-block-columns is-layout-flex wp-container-core-columns-is-layout-9d6595d7 wp-block-columns-is-layout-flex\">\n<div class=\"wp-block-column is-layout-flow wp-block-column-is-layout-flow\">\n<div class=\"wp-block-cover\" style=\"min-height:436px;aspect-ratio:unset;\"><span aria-hidden=\"true\" class=\"wp-block-cover__background has-background-dim-40 has-background-dim\"><\/span><img loading=\"lazy\" decoding=\"async\" width=\"2560\" height=\"1707\" sizes=\"auto, (max-width: 2560px) 100vw, 2560px\" class=\"wp-block-cover__image-background wp-image-4546727\" alt=\"\" src=\"https:\/\/midianinja.org\/wp-content\/uploads\/2024\/04\/SEJA-NINJA_Midia-NINJA-2-scaled.jpg\" data-object-fit=\"cover\" srcset=\"https:\/\/midianinja.org\/wp-content\/uploads\/2024\/04\/SEJA-NINJA_Midia-NINJA-2-scaled.jpg 2560w, https:\/\/midianinja.org\/wp-content\/uploads\/2024\/04\/SEJA-NINJA_Midia-NINJA-2-300x200.jpg 300w, https:\/\/midianinja.org\/wp-content\/uploads\/2024\/04\/SEJA-NINJA_Midia-NINJA-2-1024x683.jpg 1024w, https:\/\/midianinja.org\/wp-content\/uploads\/2024\/04\/SEJA-NINJA_Midia-NINJA-2-768x512.jpg 768w, https:\/\/midianinja.org\/wp-content\/uploads\/2024\/04\/SEJA-NINJA_Midia-NINJA-2-1536x1024.jpg 1536w, https:\/\/midianinja.org\/wp-content\/uploads\/2024\/04\/SEJA-NINJA_Midia-NINJA-2-2048x1365.jpg 2048w, https:\/\/midianinja.org\/wp-content\/uploads\/2024\/04\/SEJA-NINJA_Midia-NINJA-2-1200x800.jpg 1200w\" \/><div class=\"wp-block-cover__inner-container is-layout-flow wp-block-cover-is-layout-flow\">\n<div class=\"wp-block-columns is-layout-flex wp-container-core-columns-is-layout-9d6595d7 wp-block-columns-is-layout-flex\">\n<div class=\"wp-block-column col-inscription is-layout-flow wp-block-column-is-layout-flow\">\n<p>inscri\u00e7\u00e3o<\/p>\n\n\n\n<p>Seja<br \/>NINJA<\/p>\n\n\n\n<p>A M\u00eddia NINJA \u00e9 uma rede de comunica\u00e7\u00e3o aberta, pronta para receber colabora\u00e7\u00f5es de pessoas de todos os lugares do mundo. Se voc\u00ea tem interesse em compartilhar conte\u00fado para ser divulgado em nossas redes ou colaborar com a NINJA de alguma forma, basta preencher o formul\u00e1rio aqui do lado. \u00c9 super r\u00e1pido (:<\/p>\n<\/div>\n\n\n\n<div class=\"wp-block-column is-layout-flow wp-block-column-is-layout-flow\"><p class=\"wpcf7-contact-form-not-found\"><strong>Error:<\/strong> Formulario de contacto no encontrado.<\/p>\n<\/div>\n<\/div>\n<\/div><\/div>\n<\/div>\n\n\n\n<div class=\"wp-block-column is-layout-flow wp-block-column-is-layout-flow\">\n<div class=\"wp-block-cover\"><span aria-hidden=\"true\" class=\"wp-block-cover__background has-primary-dark-background-color has-background-dim-100 has-background-dim\"><\/span><div class=\"wp-block-cover__inner-container is-layout-constrained wp-block-cover-is-layout-constrained\">\n<figure class=\"wp-block-image size-full\"><img loading=\"lazy\" decoding=\"async\" width=\"247\" height=\"160\" sizes=\"auto, (max-width: 247px) 100vw, 247px\" src=\"https:\/\/midianinja.org\/wp-content\/uploads\/2024\/04\/ninja-logo-olhos-semfundo-1.png\" alt=\"\" class=\"wp-image-4546283\"\/><\/figure>\n\n\n\n<div class=\"wp-block-columns container-a-midia-ninja is-layout-flex wp-container-core-columns-is-layout-9d6595d7 wp-block-columns-is-layout-flex\">\n<div class=\"wp-block-column is-layout-flow wp-block-column-is-layout-flow\">\n<h4 class=\"wp-block-heading\">A M\u00eddia NINJA<\/h4>\n\n\n\n<figure class=\"wp-block-image size-full line\"><img decoding=\"async\" sizes=\"(max-width: 1170px) 100vw, 1170px\" src=\"http:\/\/localhost\/wp-content\/uploads\/2024\/03\/Line-15.png\" alt=\"\" class=\"wp-image-4539940\"\/><\/figure>\n\n\n\n<p>Somos uma rede de comunica\u00e7\u00e3o livre que busca novas formas de produ\u00e7\u00e3o e distribui\u00e7\u00e3o de informa\u00e7\u00e3o a partir da tecnologia e de uma l\u00f3gica colaborativa de trabalho.<\/p>\n\n\n\n<div class=\"wp-block-columns is-not-stacked-on-mobile social-icons-inscricao is-layout-flex wp-container-core-columns-is-layout-9d6595d7 wp-block-columns-is-layout-flex\">\n<div class=\"wp-block-column is-layout-flow wp-block-column-is-layout-flow\" style=\"flex-basis:50px\">\n<figure class=\"wp-block-image aligncenter size-full has-lightbox\"><a href=\"https:\/\/www.instagram.com\/midianinja\/\"><img loading=\"lazy\" decoding=\"async\" width=\"29\" height=\"29\" sizes=\"auto, (max-width: 29px) 100vw, 29px\" src=\"https:\/\/dev.midianinja.org\/wp-content\/uploads\/2024\/04\/Footer_00000060731145794484315360000009105668273505501614_.png\" alt=\"\" class=\"wp-image-4546286\"\/><\/a><\/figure>\n<\/div>\n\n\n\n<div class=\"wp-block-column is-layout-flow wp-block-column-is-layout-flow\" style=\"flex-basis:50px\">\n<figure class=\"wp-block-image aligncenter size-full has-lightbox\"><a href=\"facebook.com\/midianinja\"><img loading=\"lazy\" decoding=\"async\" width=\"29\" height=\"29\" sizes=\"auto, (max-width: 29px) 100vw, 29px\" src=\"https:\/\/dev.midianinja.org\/wp-content\/uploads\/2024\/04\/Footer_00000060731145794484315360000009105668273505501614_-1.png\" alt=\"\" class=\"wp-image-4546289\"\/><\/a><\/figure>\n<\/div>\n\n\n\n<div class=\"wp-block-column is-layout-flow wp-block-column-is-layout-flow\" style=\"flex-basis:50px\">\n<figure class=\"wp-block-image aligncenter size-full has-lightbox\"><a href=\"twitter.com\/MidiaNINJA\"><img loading=\"lazy\" decoding=\"async\" width=\"30\" height=\"30\" sizes=\"auto, (max-width: 30px) 100vw, 30px\" src=\"https:\/\/dev.midianinja.org\/wp-content\/uploads\/2024\/04\/Group.png\" alt=\"\" class=\"wp-image-4546292\"\/><\/a><\/figure>\n<\/div>\n<\/div>\n<\/div>\n<\/div>\n<\/div><\/div>\n<\/div>\n<\/div>\n\n\n\n<div class=\"wp-block-columns seja-ninja-mob is-layout-flex wp-container-core-columns-is-layout-9d6595d7 wp-block-columns-is-layout-flex\">\n<div class=\"wp-block-column col-form is-layout-flow wp-block-column-is-layout-flow\">\n<figure class=\"wp-block-image size-full\"><img data-dominant-color=\"4c4441\" data-has-transparency=\"true\" style=\"--dominant-color: #4c4441;\" loading=\"lazy\" decoding=\"async\" width=\"328\" height=\"400\" sizes=\"auto, (max-width: 328px) 100vw, 328px\" src=\"https:\/\/midianinja.org\/wp-content\/uploads\/2024\/04\/Group-7661.png\" alt=\"\" class=\"wp-image-4551514 has-transparency\" srcset=\"https:\/\/midianinja.org\/wp-content\/uploads\/2024\/04\/Group-7661.png 328w, https:\/\/midianinja.org\/wp-content\/uploads\/2024\/04\/Group-7661-246x300.png 246w\" \/><\/figure>\n\n\n<p class=\"wpcf7-contact-form-not-found\"><strong>Error:<\/strong> Formulario de contacto no encontrado.<\/p>\n<\/div>\n\n\n\n<div class=\"wp-block-column col-2 is-layout-flow wp-block-column-is-layout-flow\" style=\"flex-basis:270px\">\n<div class=\"wp-block-cover\"><span aria-hidden=\"true\" class=\"wp-block-cover__background has-primary-dark-background-color has-background-dim-100 has-background-dim\"><\/span><div class=\"wp-block-cover__inner-container is-layout-constrained wp-block-cover-is-layout-constrained\">\n<figure class=\"wp-block-image aligncenter size-full\"><img loading=\"lazy\" decoding=\"async\" width=\"247\" height=\"160\" sizes=\"auto, (max-width: 247px) 100vw, 247px\" src=\"https:\/\/midianinja.org\/wp-content\/uploads\/2024\/04\/ninja-logo-olhos-semfundo-1.png\" alt=\"\" class=\"wp-image-4546283\"\/><\/figure>\n\n\n\n<div class=\"wp-block-columns container-a-midia-ninja is-layout-flex wp-container-core-columns-is-layout-9d6595d7 wp-block-columns-is-layout-flex\">\n<div class=\"wp-block-column is-layout-flow wp-block-column-is-layout-flow\">\n<h4 class=\"wp-block-heading\">A m\u00eddia NINJA<\/h4>\n\n\n\n<figure class=\"wp-block-image size-full line\"><img decoding=\"async\" sizes=\"(max-width: 1170px) 100vw, 1170px\" src=\"http:\/\/localhost\/wp-content\/uploads\/2024\/03\/Line-15.png\" alt=\"\" class=\"wp-image-4539940\"\/><\/figure>\n\n\n\n<p>Somos uma rede de comunica\u00e7\u00e3o livre que busca novas formas de produ\u00e7\u00e3o e distribui\u00e7\u00e3o de informa\u00e7\u00e3o a partir da tecnologia e de uma l\u00f3gica colaborativa de trabalho.<\/p>\n\n\n\n<div class=\"wp-block-columns social-icons-inscricao is-layout-flex wp-container-core-columns-is-layout-9d6595d7 wp-block-columns-is-layout-flex\">\n<div class=\"wp-block-column is-layout-flow wp-block-column-is-layout-flow\">\n<figure class=\"wp-block-image size-full\"><img loading=\"lazy\" decoding=\"async\" width=\"29\" height=\"29\" sizes=\"auto, (max-width: 29px) 100vw, 29px\" src=\"https:\/\/midianinja.org\/wp-content\/uploads\/2024\/04\/Footer_00000060731145794484315360000009105668273505501614_-2.png\" alt=\"\" class=\"wp-image-4546298\"\/><\/figure>\n<\/div>\n\n\n\n<div class=\"wp-block-column is-layout-flow wp-block-column-is-layout-flow\">\n<figure class=\"wp-block-image size-full\"><img loading=\"lazy\" decoding=\"async\" width=\"29\" height=\"29\" sizes=\"auto, (max-width: 29px) 100vw, 29px\" src=\"https:\/\/midianinja.org\/wp-content\/uploads\/2024\/04\/Footer_00000060731145794484315360000009105668273505501614_-1-1.png\" alt=\"\" class=\"wp-image-4546301\"\/><\/figure>\n<\/div>\n\n\n\n<div class=\"wp-block-column is-layout-flow wp-block-column-is-layout-flow\">\n<figure class=\"wp-block-image size-full\"><img loading=\"lazy\" decoding=\"async\" width=\"30\" height=\"30\" sizes=\"auto, (max-width: 30px) 100vw, 30px\" src=\"https:\/\/midianinja.org\/wp-content\/uploads\/2024\/04\/Group-1.png\" alt=\"\" class=\"wp-image-4546304\"\/><\/figure>\n<\/div>\n<\/div>\n<\/div>\n<\/div>\n<\/div><\/div>\n<\/div>\n<\/div>\n","protected":false},"excerpt":{"rendered":"","protected":false},"author":11285,"featured_media":0,"parent":0,"menu_order":4,"comment_status":"closed","ping_status":"closed","template":"","meta":{"_coblocks_attr":"","_coblocks_dimensions":"","_coblocks_responsive_height":"","_coblocks_accordion_ie_support":"","newspack_ads_suppress_ads":false,"newspack_popups_has_disabled_popups":false,"newspack_sponsor_sponsorship_scope":"","newspack_sponsor_native_byline_display":"inherit","newspack_sponsor_native_category_display":"inherit","newspack_sponsor_underwriter_style":"inherit","newspack_sponsor_underwriter_placement":"inherit","rop_custom_images_group":[],"rop_custom_messages_group":[],"rop_publish_now":"initial","rop_publish_now_accounts":[],"rop_publish_now_history":[],"rop_publish_now_status":"pending","_themeisle_gutenberg_block_has_review":false,"_primary_brand":0,"footnotes":""},"brand":[],"newspack_spnsrs_tax":[],"coauthors":[12937],"class_list":["post-4546583","page","type-page","status-publish","hentry"],"yoast_head":"<!-- This site is optimized with the Yoast SEO Premium plugin v25.2 (Yoast SEO v26.1.1) - https:\/\/yoast.com\/wordpress\/plugins\/seo\/ -->\n<title>Seja NINJA - M\u00eddia NINJA<\/title>\n<meta name=\"robots\" content=\"index, follow, max-snippet:-1, max-image-preview:large, max-video-preview:-1\" \/>\n<link rel=\"canonical\" href=\"https:\/\/midianinja.org\/es\/seja-ninja\/\" \/>\n<meta property=\"og:locale\" content=\"es_ES\" \/>\n<meta property=\"og:type\" content=\"article\" \/>\n<meta property=\"og:title\" content=\"Seja NINJA\" \/>\n<meta property=\"og:url\" content=\"https:\/\/midianinja.org\/es\/seja-ninja\/\" \/>\n<meta property=\"og:site_name\" content=\"M\u00eddia NINJA\" \/>\n<meta property=\"article:publisher\" content=\"https:\/\/www.facebook.com\/MidiaNINJA\" \/>\n<meta property=\"article:modified_time\" content=\"2024-05-08T18:34:26+00:00\" \/>\n<meta property=\"og:image\" content=\"https:\/\/midianinja.org\/wp-content\/uploads\/2024\/04\/SEJA-NINJA_Midia-NINJA-2-scaled.jpg\" \/>\n<meta name=\"twitter:card\" content=\"summary_large_image\" \/>\n<meta name=\"twitter:site\" content=\"@MidiaNINJA\" \/>\n<meta name=\"twitter:label1\" content=\"Tiempo de lectura\" \/>\n\t<meta name=\"twitter:data1\" content=\"4 minutos\" \/>\n<script type=\"application\/ld+json\" class=\"yoast-schema-graph\">{\"@context\":\"https:\/\/schema.org\",\"@graph\":[{\"@type\":\"WebPage\",\"@id\":\"https:\/\/midianinja.org\/es\/seja-ninja\/\",\"url\":\"https:\/\/midianinja.org\/es\/seja-ninja\/\",\"name\":\"Seja NINJA - M\u00eddia NINJA\",\"isPartOf\":{\"@id\":\"https:\/\/midianinja.org\/#website\"},\"primaryImageOfPage\":{\"@id\":\"https:\/\/midianinja.org\/es\/seja-ninja\/#primaryimage\"},\"image\":{\"@id\":\"https:\/\/midianinja.org\/es\/seja-ninja\/#primaryimage\"},\"thumbnailUrl\":\"https:\/\/midianinja.org\/wp-content\/uploads\/2024\/04\/SEJA-NINJA_Midia-NINJA-2-scaled.jpg\",\"datePublished\":\"2024-03-21T23:27:07+00:00\",\"dateModified\":\"2024-05-08T18:34:26+00:00\",\"breadcrumb\":{\"@id\":\"https:\/\/midianinja.org\/es\/seja-ninja\/#breadcrumb\"},\"inLanguage\":\"es\",\"potentialAction\":[{\"@type\":\"ReadAction\",\"target\":[\"https:\/\/midianinja.org\/es\/seja-ninja\/\"]}]},{\"@type\":\"ImageObject\",\"inLanguage\":\"es\",\"@id\":\"https:\/\/midianinja.org\/es\/seja-ninja\/#primaryimage\",\"url\":\"https:\/\/midianinja.org\/wp-content\/uploads\/2024\/04\/SEJA-NINJA_Midia-NINJA-2-scaled.jpg\",\"contentUrl\":\"https:\/\/midianinja.org\/wp-content\/uploads\/2024\/04\/SEJA-NINJA_Midia-NINJA-2-scaled.jpg\"},{\"@type\":\"BreadcrumbList\",\"@id\":\"https:\/\/midianinja.org\/es\/seja-ninja\/#breadcrumb\",\"itemListElement\":[{\"@type\":\"ListItem\",\"position\":1,\"name\":\"In\u00edcio\",\"item\":\"https:\/\/midianinja.org\/es\/\"},{\"@type\":\"ListItem\",\"position\":2,\"name\":\"Seja NINJA\"}]},{\"@type\":\"WebSite\",\"@id\":\"https:\/\/midianinja.org\/#website\",\"url\":\"https:\/\/midianinja.org\/\",\"name\":\"M\u00eddia NINJA\",\"description\":\"Not\u00edcias, opini\u00e3o e jornalismo de urg\u00eancia.\",\"publisher\":{\"@id\":\"https:\/\/midianinja.org\/#organization\"},\"potentialAction\":[{\"@type\":\"SearchAction\",\"target\":{\"@type\":\"EntryPoint\",\"urlTemplate\":\"https:\/\/midianinja.org\/?s={search_term_string}\"},\"query-input\":{\"@type\":\"PropertyValueSpecification\",\"valueRequired\":true,\"valueName\":\"search_term_string\"}}],\"inLanguage\":\"es\"},{\"@type\":\"Organization\",\"@id\":\"https:\/\/midianinja.org\/#organization\",\"name\":\"M\u00eddia NINJA\",\"url\":\"https:\/\/midianinja.org\/\",\"logo\":{\"@type\":\"ImageObject\",\"inLanguage\":\"es\",\"@id\":\"https:\/\/midianinja.org\/#\/schema\/logo\/image\/\",\"url\":\"https:\/\/midianinja.org\/wp-content\/uploads\/2022\/11\/ninja-logo-preto-1.png\",\"contentUrl\":\"https:\/\/midianinja.org\/wp-content\/uploads\/2022\/11\/ninja-logo-preto-1.png\",\"width\":90,\"height\":60,\"caption\":\"M\u00eddia NINJA\"},\"image\":{\"@id\":\"https:\/\/midianinja.org\/#\/schema\/logo\/image\/\"},\"sameAs\":[\"https:\/\/www.facebook.com\/MidiaNINJA\",\"https:\/\/x.com\/MidiaNINJA\",\"https:\/\/www.instagram.com\/midianinja\/\"]}]}<\/script>\n<!-- \/ Yoast SEO Premium plugin. -->","yoast_head_json":{"title":"Seja NINJA - M\u00eddia NINJA","robots":{"index":"index","follow":"follow","max-snippet":"max-snippet:-1","max-image-preview":"max-image-preview:large","max-video-preview":"max-video-preview:-1"},"canonical":"https:\/\/midianinja.org\/es\/seja-ninja\/","og_locale":"es_ES","og_type":"article","og_title":"Seja NINJA","og_url":"https:\/\/midianinja.org\/es\/seja-ninja\/","og_site_name":"M\u00eddia NINJA","article_publisher":"https:\/\/www.facebook.com\/MidiaNINJA","article_modified_time":"2024-05-08T18:34:26+00:00","og_image":[{"url":"https:\/\/midianinja.org\/wp-content\/uploads\/2024\/04\/SEJA-NINJA_Midia-NINJA-2-scaled.jpg","type":"","width":"","height":""}],"twitter_card":"summary_large_image","twitter_site":"@MidiaNINJA","twitter_misc":{"Tiempo de lectura":"4 minutos"},"schema":{"@context":"https:\/\/schema.org","@graph":[{"@type":"WebPage","@id":"https:\/\/midianinja.org\/es\/seja-ninja\/","url":"https:\/\/midianinja.org\/es\/seja-ninja\/","name":"Seja NINJA - M\u00eddia NINJA","isPartOf":{"@id":"https:\/\/midianinja.org\/#website"},"primaryImageOfPage":{"@id":"https:\/\/midianinja.org\/es\/seja-ninja\/#primaryimage"},"image":{"@id":"https:\/\/midianinja.org\/es\/seja-ninja\/#primaryimage"},"thumbnailUrl":"https:\/\/midianinja.org\/wp-content\/uploads\/2024\/04\/SEJA-NINJA_Midia-NINJA-2-scaled.jpg","datePublished":"2024-03-21T23:27:07+00:00","dateModified":"2024-05-08T18:34:26+00:00","breadcrumb":{"@id":"https:\/\/midianinja.org\/es\/seja-ninja\/#breadcrumb"},"inLanguage":"es","potentialAction":[{"@type":"ReadAction","target":["https:\/\/midianinja.org\/es\/seja-ninja\/"]}]},{"@type":"ImageObject","inLanguage":"es","@id":"https:\/\/midianinja.org\/es\/seja-ninja\/#primaryimage","url":"https:\/\/midianinja.org\/wp-content\/uploads\/2024\/04\/SEJA-NINJA_Midia-NINJA-2-scaled.jpg","contentUrl":"https:\/\/midianinja.org\/wp-content\/uploads\/2024\/04\/SEJA-NINJA_Midia-NINJA-2-scaled.jpg"},{"@type":"BreadcrumbList","@id":"https:\/\/midianinja.org\/es\/seja-ninja\/#breadcrumb","itemListElement":[{"@type":"ListItem","position":1,"name":"In\u00edcio","item":"https:\/\/midianinja.org\/es\/"},{"@type":"ListItem","position":2,"name":"Seja NINJA"}]},{"@type":"WebSite","@id":"https:\/\/midianinja.org\/#website","url":"https:\/\/midianinja.org\/","name":"M\u00eddia NINJA","description":"Not\u00edcias, opini\u00e3o e jornalismo de urg\u00eancia.","publisher":{"@id":"https:\/\/midianinja.org\/#organization"},"potentialAction":[{"@type":"SearchAction","target":{"@type":"EntryPoint","urlTemplate":"https:\/\/midianinja.org\/?s={search_term_string}"},"query-input":{"@type":"PropertyValueSpecification","valueRequired":true,"valueName":"search_term_string"}}],"inLanguage":"es"},{"@type":"Organization","@id":"https:\/\/midianinja.org\/#organization","name":"M\u00eddia NINJA","url":"https:\/\/midianinja.org\/","logo":{"@type":"ImageObject","inLanguage":"es","@id":"https:\/\/midianinja.org\/#\/schema\/logo\/image\/","url":"https:\/\/midianinja.org\/wp-content\/uploads\/2022\/11\/ninja-logo-preto-1.png","contentUrl":"https:\/\/midianinja.org\/wp-content\/uploads\/2022\/11\/ninja-logo-preto-1.png","width":90,"height":60,"caption":"M\u00eddia NINJA"},"image":{"@id":"https:\/\/midianinja.org\/#\/schema\/logo\/image\/"},"sameAs":["https:\/\/www.facebook.com\/MidiaNINJA","https:\/\/x.com\/MidiaNINJA","https:\/\/www.instagram.com\/midianinja\/"]}]}},"_links":{"self":[{"href":"https:\/\/midianinja.org\/es\/wp-json\/wp\/v2\/pages\/4546583","targetHints":{"allow":["GET"]}}],"collection":[{"href":"https:\/\/midianinja.org\/es\/wp-json\/wp\/v2\/pages"}],"about":[{"href":"https:\/\/midianinja.org\/es\/wp-json\/wp\/v2\/types\/page"}],"author":[{"embeddable":true,"href":"https:\/\/midianinja.org\/es\/wp-json\/wp\/v2\/users\/11285"}],"replies":[{"embeddable":true,"href":"https:\/\/midianinja.org\/es\/wp-json\/wp\/v2\/comments?post=4546583"}],"version-history":[{"count":26,"href":"https:\/\/midianinja.org\/es\/wp-json\/wp\/v2\/pages\/4546583\/revisions"}],"predecessor-version":[{"id":4558102,"href":"https:\/\/midianinja.org\/es\/wp-json\/wp\/v2\/pages\/4546583\/revisions\/4558102"}],"wp:attachment":[{"href":"https:\/\/midianinja.org\/es\/wp-json\/wp\/v2\/media?parent=4546583"}],"wp:term":[{"taxonomy":"brand","embeddable":true,"href":"https:\/\/midianinja.org\/es\/wp-json\/wp\/v2\/brand?post=4546583"},{"taxonomy":"newspack_spnsrs_tax","embeddable":true,"href":"https:\/\/midianinja.org\/es\/wp-json\/wp\/v2\/newspack_spnsrs_tax?post=4546583"},{"taxonomy":"author","embeddable":true,"href":"https:\/\/midianinja.org\/es\/wp-json\/wp\/v2\/coauthors?post=4546583"}],"curies":[{"name":"wp","href":"https:\/\/api.w.org\/{rel}","templated":true}]}}