{"id":4546221,"date":"2024-03-21T20:26:24","date_gmt":"2024-03-21T23:26:24","guid":{"rendered":"https:\/\/midianinja.org\/perguntas-frequentes\/"},"modified":"2024-04-29T17:53:27","modified_gmt":"2024-04-29T20:53:27","slug":"perguntas-frequentes","status":"publish","type":"page","link":"https:\/\/midianinja.org\/es\/perguntas-frequentes\/","title":{"rendered":"Perguntas frequentes"},"content":{"rendered":"\n<div class=\"wp-block-coblocks-accordion\">\n<div class=\"wp-block-coblocks-accordion-item\"><details><summary class=\"wp-block-coblocks-accordion-item__title\">A M\u00eddia NINJA \u00e9 jornalismo?<\/summary><div class=\"wp-block-coblocks-accordion-item__content\">\n<p>Sim. O Jornalismo \u00e9 uma das ferramentas e linguagens que utilizamos para levantar temas e debates, fortalecendo narrativas que n\u00e3o tem visibilidade nos meios convencionais de comunica\u00e7\u00e3o.<\/p>\n<\/div><\/details><\/div>\n\n\n\n<div class=\"wp-block-coblocks-accordion-item\"><details><summary class=\"wp-block-coblocks-accordion-item__title\">A M\u00eddia NINJA \u00e9 imparcial?<\/summary><div class=\"wp-block-coblocks-accordion-item__content\">\n<p>N\u00e3o. Defendemos abertamente a parcialidade enquanto um princ\u00edpio de nosso trabalho, por acreditar que nenhuma constru\u00e7\u00e3o humana \u00e9 capaz de ser imparcial, j\u00e1 que resulta da soma e do ac\u00famulo de todas as suas experi\u00eancias anteriores e de nossas vis\u00f5es de mundo.<\/p>\n\n\n\n<p>O Jornalismo \u2013 assim como a ci\u00eancia \u2013 apoiaram-se historicamente na no\u00e7\u00e3o de imparcialidade como forma de ter credibilidade e legitimidade. Contudo, com uma nova l\u00f3gica de troca de conte\u00fado e com novas possibilidades de audi\u00eancia, mais do que buscar uma \u00fanica \u201cverdade\u201d para os fatos, temos hoje uma multiplicidade de leituras e possibilidades, e isso \u00e9 o que qualifica atualmente o conte\u00fado e \u00e9 a base da troca de informa\u00e7\u00e3o e credibilidade.<\/p>\n\n\n\n<p>Valorizamos a multiplicidade de parcialidades e buscamos alinhar a informa\u00e7\u00e3o com um conjunto de valores e direitos sociais, com os quais temos compromisso e que para n\u00f3s s\u00e3o fundamentais. Nossas pautas s\u00e3o nossas causas. Acreditamos no movimento e na transforma\u00e7\u00e3o social, a partir de uma experi\u00eancia radical de m\u00eddia livre e distribu\u00edda, a servi\u00e7o de uma nova narrativa social, mais comunit\u00e1ria e mais afetiva.<\/p>\n<\/div><\/details><\/div>\n\n\n\n<div class=\"wp-block-coblocks-accordion-item\"><details><summary class=\"wp-block-coblocks-accordion-item__title\">At\u00e9 que ponto fazer comunica\u00e7\u00e3o sobre um movimento n\u00e3o transforma voc\u00eas como parte desse movimento tamb\u00e9m?<\/summary><div class=\"wp-block-coblocks-accordion-item__content\">\n<p>Uma das possibilidades mais interessantes do processo de comunica\u00e7\u00e3o ativista \u00e9 a possibilidade de ruptura com o falso mito da imparcialidade do Jornalismo Corporativo. Nesse contexto, o cidad\u00e3o que se v\u00ea como um ve\u00edculo ou faz parte de uma rede de midialivrismo n\u00e3o est\u00e1 em um protesto apenas para fazer o registro. Ele \u00e9 um corpo da multid\u00e3o e a comunica\u00e7\u00e3o \u00e9 uma das formas de mobilizar e organizar.<\/p>\n<\/div><\/details><\/div>\n<\/div>\n\n\n\n<h3 class=\"wp-block-heading\">Como funciona?<\/h3>\n\n\n\n<div class=\"wp-block-coblocks-accordion\">\n<div class=\"wp-block-coblocks-accordion-item\"><details><summary class=\"wp-block-coblocks-accordion-item__title\">Como a M\u00eddia NINJA se financia?<\/summary><div class=\"wp-block-coblocks-accordion-item__content\">\n<p>A M\u00eddia NINJA \u00e9 fruto do investimento do trabalho de seus colaboradores, e conta com a estrutura e for\u00e7a de trabalho da rede Fora do Eixo para realizar suas atividades, al\u00e9m de organiza\u00e7\u00f5es internacionais que se interessam em custear a forma\u00e7\u00e3o de novos agentes de comunica\u00e7\u00e3o e a produ\u00e7\u00e3o de conte\u00fados ligados \u00e0s quest\u00f5es socioambientais e culturais. Temos autonomia dos poderes econ\u00f4micos e pol\u00edticos, que n\u00e3o determinam nossa linha editorial nem os conte\u00fados que queremos comunicar.<\/p>\n<\/div><\/details><\/div>\n\n\n\n<div class=\"wp-block-coblocks-accordion-item\"><details><summary class=\"wp-block-coblocks-accordion-item__title\">A M\u00eddia NINJA tem apoio financeiro de algum partido pol\u00edtico? Qual a rela\u00e7\u00e3o da M\u00eddia NINJA com os partidos pol\u00edticos?<\/summary><div class=\"wp-block-coblocks-accordion-item__content\">\n<p>N\u00e3o existe financiamento ou alinhamento autom\u00e1tico com nenhum partido pol\u00edtico, apesar de prezarmos pelo di\u00e1logo suprapartid\u00e1rio com todos parlamentares que defendam conquistas e pol\u00edticas p\u00fablicas em prol do bem comum. Entendemos que a organiza\u00e7\u00e3o pol\u00edtica partid\u00e1ria \u00e9 ainda fundamental para as transforma\u00e7\u00f5es sociais no Brasil, portanto n\u00e3o criminalizamos os partidos pol\u00edticos e quem decide constru\u00ed-los.<\/p>\n\n\n\n<p>Temos compromisso com a luta por direitos, e a certeza que o di\u00e1logo e a constru\u00e7\u00e3o coletiva s\u00e3o primordiais para sua conquista. Nossas causas s\u00e3o nossas pautas.<\/p>\n<\/div><\/details><\/div>\n\n\n\n<div class=\"wp-block-coblocks-accordion-item\"><details><summary class=\"wp-block-coblocks-accordion-item__title\">A M\u00eddia NINJA \u00e9 bancada por recursos p\u00fablicos?<\/summary><div class=\"wp-block-coblocks-accordion-item__content\">\n<p>N\u00e3o. Os ve\u00edculos de comunica\u00e7\u00e3o corporativos sobrevivem \u00e0s custas de altos investimentos p\u00fablicos, tanto em publicidade quanto com cr\u00e9dito, financiamento, e renegocia\u00e7\u00f5es de d\u00edvidas tribut\u00e1rias. Por outro lado, inexistem pol\u00edticas p\u00fablicas que \u2013 de forma transparente \u2013 democratizem os investimentos de comunica\u00e7\u00e3o aos ve\u00edculos independentes e mesmo os pr\u00f3prios ve\u00edculos p\u00fablicos de comunica\u00e7\u00e3o, que operam de forma prec\u00e1ria.<\/p>\n\n\n\n<p>Defendemos maior investimento p\u00fablico em novas m\u00eddias e novos ve\u00edculos por meio de editais abertos e transparentes. Este \u00e9 um dos desafios pol\u00edticos fundamentais para a efetiva democratiza\u00e7\u00e3o da comunica\u00e7\u00e3o no Brasil e no Mundo.<\/p>\n<\/div><\/details><\/div>\n\n\n\n<div class=\"wp-block-coblocks-accordion-item\"><details><summary class=\"wp-block-coblocks-accordion-item__title\">Qual a rela\u00e7\u00e3o entre a M\u00eddia NINJA e o Fora do Eixo?<\/summary><div class=\"wp-block-coblocks-accordion-item__content\">\n<p>O Fora do Eixo \u00e9 uma rede que desenvolve uma s\u00e9rie de articula\u00e7\u00f5es e produ\u00e7\u00f5es no campo da cultura e da m\u00eddia livre h\u00e1 10 anos. O FdE foi o que possibilitou o embri\u00e3o da M\u00eddia NINJA, determinante e fundamental para o desenvolvimento da rede, servindo como incubador do seu processo, al\u00e9m de continuar sendo a principal respons\u00e1vel por oferecer a estrutura e a condi\u00e7\u00e3o de trabalho para parte dos midiativistas e jornalistas NINJAs espalhados por todo Brasil.<\/p>\n<\/div><\/details><\/div>\n\n\n\n<div class=\"wp-block-coblocks-accordion-item\"><details><summary class=\"wp-block-coblocks-accordion-item__title\">O que \u00e9 e como funciona a autoria coletiva?<\/summary><div class=\"wp-block-coblocks-accordion-item__content\">\n<p>A autoria coletiva \u00e9 uma escolha individual, cada participante da NINJA, colaborador e criador de conte\u00fado tem a liberdade de escolher como quer apresentar e assinar seu trabalho, de forma coletiva ou individual, assinando seu nome.<\/p>\n\n\n\n<p>Acreditamos, entretanto, que nenhuma produ\u00e7\u00e3o de imagem, v\u00eddeo ou qualquer outro conte\u00fado \u00e9 fruto da cria\u00e7\u00e3o de somente um indiv\u00edduo. Ela est\u00e1 ligada a um processo muito mais amplo que vai desde a concep\u00e7\u00e3o coletiva de uma pe\u00e7a at\u00e9 a difus\u00e3o final de seus resultados por dezenas de pessoas.<\/p>\n\n\n\n<p>Na fotografia, por exemplo, n\u00e3o \u00e9 poss\u00edvel limitar a ideia de autor ou criador de uma imagem simplesmente \u00e0quele que apertou o bot\u00e3o do clique, j\u00e1 que existe um debate anterior sobre a pauta, uma estrutura de suporte para o fot\u00f3grafo estar no lugar certo na hora certa, o tratamento, a edi\u00e7\u00e3o, a postagem e difus\u00e3o nas redes sociais. Todos os processos s\u00e3o igualmente importantes para que a fotografia se concretize enquanto pe\u00e7a est\u00e9tica e comucacional, e envolvem dezenas de pessoas.<\/p>\n\n\n\n<p>Assim, uma boa parte dos realizadores envolvidos na Rede NINJA optam apenas pela assinatura coletiva M\u00eddia NINJA, mas respeitamos a vontade de colaboradores de manter a autoria individual, e nestes casos damos registros autorais quando solicitados.<\/p>\n<\/div><\/details><\/div>\n<\/div>\n\n\n\n<h3 class=\"wp-block-heading\">Quais os planos?<\/h3>\n\n\n\n<div class=\"wp-block-coblocks-accordion\">\n<div class=\"wp-block-coblocks-accordion-item\"><details><summary class=\"wp-block-coblocks-accordion-item__title\">O que a M\u00eddia NINJA pensa sobre a M\u00eddia tradicional?<\/summary><div class=\"wp-block-coblocks-accordion-item__content\">\n<p>As grandes corpora\u00e7\u00f5es de m\u00eddia vivem uma intensa crise. Esse momento pode ser entendido em dois aspectos principais: no \u00e2mbito econ\u00f4mico, de um modelo pautado pela venda de an\u00fancios e a circula\u00e7\u00e3o f\u00edsica de publica\u00e7\u00f5es que n\u00e3o conseguem se adaptar aos novos tempos digitais, e de credibilidade, por anos e anos de omiss\u00e3o e manipula\u00e7\u00e3o de informa\u00e7\u00f5es em prol do poder econ\u00f4mico e de grupos pol\u00edticos de seu interesse.<\/p>\n\n\n\n<p>A velha m\u00eddia est\u00e1 amarrada a uma linguagem e a um padr\u00e3o de qualidade que s\u00e3o paradigmas do jornalismo comercial, com pouca abertura para experimenta\u00e7\u00e3o e adapta\u00e7\u00e3o \u00e0s novas formas de produ\u00e7\u00e3o e intera\u00e7\u00e3o com a informa\u00e7\u00e3o permitidas pela explos\u00e3o das redes sociais.<\/p>\n<\/div><\/details><\/div>\n\n\n\n<div class=\"wp-block-coblocks-accordion-item\"><details><summary class=\"wp-block-coblocks-accordion-item__title\">Quais os planos da M\u00eddia NINJA para o futuro?<\/summary><div class=\"wp-block-coblocks-accordion-item__content\">\n<p>O futuro \u00e9 agora. Crescemos enquanto rede e ve\u00edculo e entendemos o tamanho da grande responsabilidade que recai sobre n\u00f3s. Desde o desafio da forma\u00e7\u00e3o de novos comunicadores nas periferias \u00e0 produ\u00e7\u00e3o de conte\u00fados cada vez mais aprofundados. \u00c9 tarefa nossa fortalecer o movimento midiativista e empoderar centenas de pontos da rede, pra que estas sustentem as causas e interesses das comunidades e as suas hist\u00f3rias possam ser contadas de diferentes maneiras.<\/p>\n\n\n\n<p>Temos nos dedicado a projetos de aprofundamento de pautas, como a causa ind\u00edgena, quest\u00f5es de moradia, da minera\u00e7\u00e3o, da democratiza\u00e7\u00e3o da comunica\u00e7\u00e3o, da seguran\u00e7a p\u00fablica, da garantia da liberdade na internet e a luta contra o genoc\u00eddio da popula\u00e7\u00e3o negra e pobre nas periferias, entre tantas outras.<\/p>\n<\/div><\/details><\/div>\n\n\n\n<div class=\"wp-block-coblocks-accordion-item\"><details><summary class=\"wp-block-coblocks-accordion-item__title\">Como a M\u00eddia NINJA relaciona-se com as outras M\u00eddias Independentes?<\/summary><div class=\"wp-block-coblocks-accordion-item__content\">\n<p>Acreditamos na colabora\u00e7\u00e3o e coopera\u00e7\u00e3o como princ\u00edpios b\u00e1sicos para cria\u00e7\u00e3o de novas formas de sociabilidade na sociedade contempor\u00e2nea. Al\u00e9m disso, entendemos que neste novo contexto global, a descentraliza\u00e7\u00e3o e a democratiza\u00e7\u00e3o da comunica\u00e7\u00e3o s\u00e3o fundamentais para dar conta dos desafios de consci\u00eancia dos cidad\u00e3os do mundo. Defendemos e acreditamos que \u00e9 fundamental o surgimento e o desenvolvimento das m\u00eddias independentes e buscamos fomentar essa perspectiva a partir de nossas a\u00e7\u00f5es. Apenas com a uni\u00e3o e colabora\u00e7\u00e3o entre as m\u00eddias independentes \u00e9 que poderemos apresentar novas alternativas de jornalismo e comunica\u00e7\u00e3o e fazer contraponto a uma midia tradicional altamente verticalizada pelos interesses econ\u00f4micos e politicos estabelecidos. Sendo assim, colocamos este portal a disposi\u00e7\u00e3o de coletivos e ve\u00edculos midiativistas para divulga\u00e7\u00e3o de seus conte\u00fados e trocas de experi\u00eancias. Vida longa ao midialivrismo!<\/p>\n<\/div><\/details><\/div>\n\n\n\n<div class=\"wp-block-coblocks-accordion-item\"><details><summary class=\"wp-block-coblocks-accordion-item__title\">A NINJA se relaciona com os ve\u00edculos de comunica\u00e7\u00e3o tradicional?<\/summary><div class=\"wp-block-coblocks-accordion-item__content\">\n<p>A Experi\u00eancia da M\u00eddia NINJA causou um grande abalo e trouxe novos enfoques ao debate de comunica\u00e7\u00e3o no Brasil. O que garantiu essa pot\u00eancia foi uma soma de fatores: mais de uma d\u00e9cada de ac\u00famulo das reflex\u00f5es e pr\u00e1ticas de M\u00eddia Livre, o surgimento constante de novas tecnologias que barateiam e democratizam o acesso a produ\u00e7\u00e3o e a distribui\u00e7\u00e3o de conte\u00fado, uma crise no sistema de comunica\u00e7\u00e3o que entende a informa\u00e7\u00e3o como Comodity e, principalmente, a exist\u00eancia de uma arquitetura de rede, constru\u00edda a partir da experi\u00eancia do Fora Do Eixo, que foi capaz de difundir com muita efici\u00eancia o conte\u00fado produzido pela M\u00eddia NINJA.<\/p>\n\n\n\n<p>No contexto das Jornadas de Junho, no qual assistimos a um salto de consci\u00eancia pol\u00edtica do Pa\u00eds, o registro e a transmiss\u00e3o dos protestos feita de dentro e com m\u00faltiplos pontos de vista, apresentou um material que ao mesmo tempo ganhava muita credibilidade e era viralizado pelo p\u00fablico, que n\u00e3o se via representado pela cobertura da velha m\u00eddia. Esse quadro, instigava os ve\u00edculos tradicionais a tratarem o pr\u00f3prio projeto da M\u00eddia NINJA como not\u00edcia.<\/p>\n\n\n\n<p>Todo esse arranjo gerou ampla visibilidade e ajudou a mudar as ideias de comunica\u00e7\u00e3o, a partir de um exemplo pr\u00e1tico de cobertura independente feita em rede.<\/p>\n<\/div><\/details><\/div>\n\n\n\n<div class=\"wp-block-coblocks-accordion-item\"><details><summary class=\"wp-block-coblocks-accordion-item__title\">A M\u00eddia NINJA \u00e9 um novo movimento social?<\/summary><div class=\"wp-block-coblocks-accordion-item__content\">\n<p>Existe um processo de mais de uma d\u00e9cada de constru\u00e7\u00f5es, no qual iniciativas como o CMI (Centro de M\u00eddia Independente), o Intervozes, o F\u00f3rum de Midia Livre, o F\u00f3rum Nacional pela Democratiza\u00e7\u00e3o da Comunica\u00e7\u00e3o ou at\u00e9 mesmo as experi\u00eancias de R\u00e1dios Livres e Comunit\u00e1rias se formaram, se consolidaram e inspiraram a gera\u00e7\u00e3o que concebeu a M\u00eddia NINJA e outras iniciativas mais recentes.<\/p>\n\n\n\n<p>Para n\u00f3s, a grande novidade est\u00e1 na visualiza\u00e7\u00e3o que \u00e9 poss\u00edvel se fazer, hoje, da soma dessas iniciativas que ganham for\u00e7a e legitimidade para se apresentar como a nova grande m\u00eddia. Trata-se de uma ecologia de produ\u00e7\u00e3o de conte\u00fados que tem capacidade de incidir diretamente nas disputas de imagin\u00e1rio contempor\u00e2neas e colaborar com a obten\u00e7\u00e3o de conquistas p\u00fablicas da sociedade. Em raz\u00e3o disso, compreendemos que muitas vezes estamos na contram\u00e3o dos interesses dos ve\u00edculos que fazem parte do sistema de comunica\u00e7\u00e3o corporativo no Brasil, faz parte da disputa, e a M\u00eddia NINJA escolheu um lado.<\/p>\n<\/div><\/details><\/div>\n<\/div>\n","protected":false},"excerpt":{"rendered":"<p>Como funciona? Quais os planos?<\/p>\n","protected":false},"author":11285,"featured_media":4544905,"parent":0,"menu_order":5,"comment_status":"closed","ping_status":"closed","template":"page-anchor.php","meta":{"_coblocks_attr":"","_coblocks_dimensions":"","_coblocks_responsive_height":"","_coblocks_accordion_ie_support":"","newspack_ads_suppress_ads":false,"newspack_popups_has_disabled_popups":false,"newspack_sponsor_sponsorship_scope":"","newspack_sponsor_native_byline_display":"inherit","newspack_sponsor_native_category_display":"inherit","newspack_sponsor_underwriter_style":"inherit","newspack_sponsor_underwriter_placement":"inherit","rop_custom_images_group":[],"rop_custom_messages_group":[],"rop_publish_now":"initial","rop_publish_now_accounts":[],"rop_publish_now_history":[],"rop_publish_now_status":"pending","_themeisle_gutenberg_block_has_review":false,"_primary_brand":0,"footnotes":""},"brand":[],"newspack_spnsrs_tax":[],"coauthors":[12937],"class_list":["post-4546221","page","type-page","status-publish","has-post-thumbnail","hentry"],"yoast_head":"<!-- This site is optimized with the Yoast SEO Premium plugin v25.2 (Yoast SEO v26.1.1) - https:\/\/yoast.com\/wordpress\/plugins\/seo\/ -->\n<title>Perguntas frequentes - M\u00eddia NINJA<\/title>\n<meta name=\"robots\" content=\"index, follow, max-snippet:-1, max-image-preview:large, max-video-preview:-1\" \/>\n<link rel=\"canonical\" href=\"https:\/\/midianinja.org\/es\/perguntas-frequentes\/\" \/>\n<meta property=\"og:locale\" content=\"es_ES\" \/>\n<meta property=\"og:type\" content=\"article\" \/>\n<meta property=\"og:title\" content=\"Perguntas frequentes\" \/>\n<meta property=\"og:description\" content=\"Como funciona? Quais os planos?\" \/>\n<meta property=\"og:url\" content=\"https:\/\/midianinja.org\/es\/perguntas-frequentes\/\" \/>\n<meta property=\"og:site_name\" content=\"M\u00eddia NINJA\" \/>\n<meta property=\"article:publisher\" content=\"https:\/\/www.facebook.com\/MidiaNINJA\" \/>\n<meta property=\"article:modified_time\" content=\"2024-04-29T20:53:27+00:00\" \/>\n<meta property=\"og:image\" content=\"https:\/\/midianinja.org\/wp-content\/uploads\/2024\/03\/banner-faq.png\" \/>\n\t<meta property=\"og:image:width\" content=\"770\" \/>\n\t<meta property=\"og:image:height\" content=\"506\" \/>\n\t<meta property=\"og:image:type\" content=\"image\/png\" \/>\n<meta name=\"twitter:card\" content=\"summary_large_image\" \/>\n<meta name=\"twitter:site\" content=\"@MidiaNINJA\" \/>\n<meta name=\"twitter:label1\" content=\"Tiempo de lectura\" \/>\n\t<meta name=\"twitter:data1\" content=\"5 minutos\" \/>\n<script type=\"application\/ld+json\" class=\"yoast-schema-graph\">{\"@context\":\"https:\/\/schema.org\",\"@graph\":[{\"@type\":\"WebPage\",\"@id\":\"https:\/\/midianinja.org\/es\/perguntas-frequentes\/\",\"url\":\"https:\/\/midianinja.org\/es\/perguntas-frequentes\/\",\"name\":\"Perguntas frequentes - M\u00eddia NINJA\",\"isPartOf\":{\"@id\":\"https:\/\/midianinja.org\/#website\"},\"primaryImageOfPage\":{\"@id\":\"https:\/\/midianinja.org\/es\/perguntas-frequentes\/#primaryimage\"},\"image\":{\"@id\":\"https:\/\/midianinja.org\/es\/perguntas-frequentes\/#primaryimage\"},\"thumbnailUrl\":\"https:\/\/midianinja.org\/wp-content\/uploads\/2024\/03\/banner-faq.png\",\"datePublished\":\"2024-03-21T23:26:24+00:00\",\"dateModified\":\"2024-04-29T20:53:27+00:00\",\"breadcrumb\":{\"@id\":\"https:\/\/midianinja.org\/es\/perguntas-frequentes\/#breadcrumb\"},\"inLanguage\":\"es\",\"potentialAction\":[{\"@type\":\"ReadAction\",\"target\":[\"https:\/\/midianinja.org\/es\/perguntas-frequentes\/\"]}]},{\"@type\":\"ImageObject\",\"inLanguage\":\"es\",\"@id\":\"https:\/\/midianinja.org\/es\/perguntas-frequentes\/#primaryimage\",\"url\":\"https:\/\/midianinja.org\/wp-content\/uploads\/2024\/03\/banner-faq.png\",\"contentUrl\":\"https:\/\/midianinja.org\/wp-content\/uploads\/2024\/03\/banner-faq.png\",\"width\":770,\"height\":506},{\"@type\":\"BreadcrumbList\",\"@id\":\"https:\/\/midianinja.org\/es\/perguntas-frequentes\/#breadcrumb\",\"itemListElement\":[{\"@type\":\"ListItem\",\"position\":1,\"name\":\"In\u00edcio\",\"item\":\"https:\/\/midianinja.org\/es\/\"},{\"@type\":\"ListItem\",\"position\":2,\"name\":\"Perguntas frequentes\"}]},{\"@type\":\"WebSite\",\"@id\":\"https:\/\/midianinja.org\/#website\",\"url\":\"https:\/\/midianinja.org\/\",\"name\":\"M\u00eddia NINJA\",\"description\":\"Not\u00edcias, opini\u00e3o e jornalismo de urg\u00eancia.\",\"publisher\":{\"@id\":\"https:\/\/midianinja.org\/#organization\"},\"potentialAction\":[{\"@type\":\"SearchAction\",\"target\":{\"@type\":\"EntryPoint\",\"urlTemplate\":\"https:\/\/midianinja.org\/?s={search_term_string}\"},\"query-input\":{\"@type\":\"PropertyValueSpecification\",\"valueRequired\":true,\"valueName\":\"search_term_string\"}}],\"inLanguage\":\"es\"},{\"@type\":\"Organization\",\"@id\":\"https:\/\/midianinja.org\/#organization\",\"name\":\"M\u00eddia NINJA\",\"url\":\"https:\/\/midianinja.org\/\",\"logo\":{\"@type\":\"ImageObject\",\"inLanguage\":\"es\",\"@id\":\"https:\/\/midianinja.org\/#\/schema\/logo\/image\/\",\"url\":\"https:\/\/midianinja.org\/wp-content\/uploads\/2022\/11\/ninja-logo-preto-1.png\",\"contentUrl\":\"https:\/\/midianinja.org\/wp-content\/uploads\/2022\/11\/ninja-logo-preto-1.png\",\"width\":90,\"height\":60,\"caption\":\"M\u00eddia NINJA\"},\"image\":{\"@id\":\"https:\/\/midianinja.org\/#\/schema\/logo\/image\/\"},\"sameAs\":[\"https:\/\/www.facebook.com\/MidiaNINJA\",\"https:\/\/x.com\/MidiaNINJA\",\"https:\/\/www.instagram.com\/midianinja\/\"]}]}<\/script>\n<!-- \/ Yoast SEO Premium plugin. -->","yoast_head_json":{"title":"Perguntas frequentes - M\u00eddia NINJA","robots":{"index":"index","follow":"follow","max-snippet":"max-snippet:-1","max-image-preview":"max-image-preview:large","max-video-preview":"max-video-preview:-1"},"canonical":"https:\/\/midianinja.org\/es\/perguntas-frequentes\/","og_locale":"es_ES","og_type":"article","og_title":"Perguntas frequentes","og_description":"Como funciona? Quais os planos?","og_url":"https:\/\/midianinja.org\/es\/perguntas-frequentes\/","og_site_name":"M\u00eddia NINJA","article_publisher":"https:\/\/www.facebook.com\/MidiaNINJA","article_modified_time":"2024-04-29T20:53:27+00:00","og_image":[{"width":770,"height":506,"url":"https:\/\/midianinja.org\/wp-content\/uploads\/2024\/03\/banner-faq.png","type":"image\/png"}],"twitter_card":"summary_large_image","twitter_site":"@MidiaNINJA","twitter_misc":{"Tiempo de lectura":"5 minutos"},"schema":{"@context":"https:\/\/schema.org","@graph":[{"@type":"WebPage","@id":"https:\/\/midianinja.org\/es\/perguntas-frequentes\/","url":"https:\/\/midianinja.org\/es\/perguntas-frequentes\/","name":"Perguntas frequentes - M\u00eddia NINJA","isPartOf":{"@id":"https:\/\/midianinja.org\/#website"},"primaryImageOfPage":{"@id":"https:\/\/midianinja.org\/es\/perguntas-frequentes\/#primaryimage"},"image":{"@id":"https:\/\/midianinja.org\/es\/perguntas-frequentes\/#primaryimage"},"thumbnailUrl":"https:\/\/midianinja.org\/wp-content\/uploads\/2024\/03\/banner-faq.png","datePublished":"2024-03-21T23:26:24+00:00","dateModified":"2024-04-29T20:53:27+00:00","breadcrumb":{"@id":"https:\/\/midianinja.org\/es\/perguntas-frequentes\/#breadcrumb"},"inLanguage":"es","potentialAction":[{"@type":"ReadAction","target":["https:\/\/midianinja.org\/es\/perguntas-frequentes\/"]}]},{"@type":"ImageObject","inLanguage":"es","@id":"https:\/\/midianinja.org\/es\/perguntas-frequentes\/#primaryimage","url":"https:\/\/midianinja.org\/wp-content\/uploads\/2024\/03\/banner-faq.png","contentUrl":"https:\/\/midianinja.org\/wp-content\/uploads\/2024\/03\/banner-faq.png","width":770,"height":506},{"@type":"BreadcrumbList","@id":"https:\/\/midianinja.org\/es\/perguntas-frequentes\/#breadcrumb","itemListElement":[{"@type":"ListItem","position":1,"name":"In\u00edcio","item":"https:\/\/midianinja.org\/es\/"},{"@type":"ListItem","position":2,"name":"Perguntas frequentes"}]},{"@type":"WebSite","@id":"https:\/\/midianinja.org\/#website","url":"https:\/\/midianinja.org\/","name":"M\u00eddia NINJA","description":"Not\u00edcias, opini\u00e3o e jornalismo de urg\u00eancia.","publisher":{"@id":"https:\/\/midianinja.org\/#organization"},"potentialAction":[{"@type":"SearchAction","target":{"@type":"EntryPoint","urlTemplate":"https:\/\/midianinja.org\/?s={search_term_string}"},"query-input":{"@type":"PropertyValueSpecification","valueRequired":true,"valueName":"search_term_string"}}],"inLanguage":"es"},{"@type":"Organization","@id":"https:\/\/midianinja.org\/#organization","name":"M\u00eddia NINJA","url":"https:\/\/midianinja.org\/","logo":{"@type":"ImageObject","inLanguage":"es","@id":"https:\/\/midianinja.org\/#\/schema\/logo\/image\/","url":"https:\/\/midianinja.org\/wp-content\/uploads\/2022\/11\/ninja-logo-preto-1.png","contentUrl":"https:\/\/midianinja.org\/wp-content\/uploads\/2022\/11\/ninja-logo-preto-1.png","width":90,"height":60,"caption":"M\u00eddia NINJA"},"image":{"@id":"https:\/\/midianinja.org\/#\/schema\/logo\/image\/"},"sameAs":["https:\/\/www.facebook.com\/MidiaNINJA","https:\/\/x.com\/MidiaNINJA","https:\/\/www.instagram.com\/midianinja\/"]}]}},"_links":{"self":[{"href":"https:\/\/midianinja.org\/es\/wp-json\/wp\/v2\/pages\/4546221","targetHints":{"allow":["GET"]}}],"collection":[{"href":"https:\/\/midianinja.org\/es\/wp-json\/wp\/v2\/pages"}],"about":[{"href":"https:\/\/midianinja.org\/es\/wp-json\/wp\/v2\/types\/page"}],"author":[{"embeddable":true,"href":"https:\/\/midianinja.org\/es\/wp-json\/wp\/v2\/users\/11285"}],"replies":[{"embeddable":true,"href":"https:\/\/midianinja.org\/es\/wp-json\/wp\/v2\/comments?post=4546221"}],"version-history":[{"count":2,"href":"https:\/\/midianinja.org\/es\/wp-json\/wp\/v2\/pages\/4546221\/revisions"}],"predecessor-version":[{"id":4556513,"href":"https:\/\/midianinja.org\/es\/wp-json\/wp\/v2\/pages\/4546221\/revisions\/4556513"}],"wp:featuredmedia":[{"embeddable":true,"href":"https:\/\/midianinja.org\/es\/wp-json\/wp\/v2\/media\/4544905"}],"wp:attachment":[{"href":"https:\/\/midianinja.org\/es\/wp-json\/wp\/v2\/media?parent=4546221"}],"wp:term":[{"taxonomy":"brand","embeddable":true,"href":"https:\/\/midianinja.org\/es\/wp-json\/wp\/v2\/brand?post=4546221"},{"taxonomy":"newspack_spnsrs_tax","embeddable":true,"href":"https:\/\/midianinja.org\/es\/wp-json\/wp\/v2\/newspack_spnsrs_tax?post=4546221"},{"taxonomy":"author","embeddable":true,"href":"https:\/\/midianinja.org\/es\/wp-json\/wp\/v2\/coauthors?post=4546221"}],"curies":[{"name":"wp","href":"https:\/\/api.w.org\/{rel}","templated":true}]}}