{"id":4546219,"date":"2024-03-21T20:25:05","date_gmt":"2024-03-21T23:25:05","guid":{"rendered":"https:\/\/midianinja.org\/fale-conosco\/"},"modified":"2024-05-15T22:16:08","modified_gmt":"2024-05-16T01:16:08","slug":"fale-conosco","status":"publish","type":"page","link":"https:\/\/midianinja.org\/es\/fale-conosco\/","title":{"rendered":"Fale conosco"},"content":{"rendered":"\n<div style=\"height:32px\" aria-hidden=\"true\" class=\"wp-block-spacer\"><\/div>\n\n\n\n<div class=\"wp-block-columns colunas-fale-conosco is-layout-flex wp-container-core-columns-is-layout-9d6595d7 wp-block-columns-is-layout-flex\">\n<div class=\"wp-block-column coluna-fale-conosco is-layout-flow wp-block-column-is-layout-flow\">\n<div class=\"wp-block-cover cover-contato\" style=\"min-height:450px;aspect-ratio:unset;\"><span aria-hidden=\"true\" class=\"wp-block-cover__background has-background-dim-0 has-background-dim\"><\/span><img loading=\"lazy\" decoding=\"async\" width=\"2048\" height=\"1365\" sizes=\"auto, (max-width: 2048px) 100vw, 2048px\" class=\"wp-block-cover__image-background wp-image-4546202\" alt=\"\" src=\"https:\/\/midianinja.org\/wp-content\/uploads\/2024\/04\/Seja-NINJA_MidiaNINJA5.jpg\" style=\"object-position:90% 50%\" data-object-fit=\"cover\" data-object-position=\"90% 50%\" srcset=\"https:\/\/midianinja.org\/wp-content\/uploads\/2024\/04\/Seja-NINJA_MidiaNINJA5.jpg 2048w, https:\/\/midianinja.org\/wp-content\/uploads\/2024\/04\/Seja-NINJA_MidiaNINJA5-300x200.jpg 300w, https:\/\/midianinja.org\/wp-content\/uploads\/2024\/04\/Seja-NINJA_MidiaNINJA5-1024x683.jpg 1024w, https:\/\/midianinja.org\/wp-content\/uploads\/2024\/04\/Seja-NINJA_MidiaNINJA5-768x512.jpg 768w, https:\/\/midianinja.org\/wp-content\/uploads\/2024\/04\/Seja-NINJA_MidiaNINJA5-1536x1024.jpg 1536w, https:\/\/midianinja.org\/wp-content\/uploads\/2024\/04\/Seja-NINJA_MidiaNINJA5-1200x800.jpg 1200w\" \/><div class=\"wp-block-cover__inner-container is-layout-constrained wp-block-cover-is-layout-constrained\">\n<div class=\"wp-block-columns teste is-layout-flex wp-container-core-columns-is-layout-9d6595d7 wp-block-columns-is-layout-flex\">\n<div class=\"wp-block-column coluna-fale-conosco is-layout-flow wp-block-column-is-layout-flow\" style=\"flex-basis:377px\">\n<h3 class=\"wp-block-heading\">Contato<\/h3>\n\n\n<h2 class=\"wp-block-post-title\">Fale conosco<\/h2>\n\n\n<p>Quer conversar com a gente? Fale Conosco! Seja para tirar d\u00favidas, dar sugest\u00f5es ou s\u00f3 bater um papo, estamos aqui. Preencha o formul\u00e1rio abaixo e entraremos em contato para ajudar no que precisar.<\/p>\n<\/div>\n\n\n\n<div class=\"wp-block-column coluna-form is-layout-flow wp-block-column-is-layout-flow\"><p class=\"wpcf7-contact-form-not-found\"><strong>Error:<\/strong> Formulario de contacto no encontrado.<\/p>\n<\/div>\n<\/div>\n<\/div><\/div>\n<\/div>\n\n\n\n<div class=\"wp-block-column is-layout-flow wp-block-column-is-layout-flow\" style=\"flex-basis:271px\">\n<div class=\"wp-block-cover alignwide midia-ninja-contato\" style=\"min-height:450px;aspect-ratio:unset;\"><span aria-hidden=\"true\" class=\"wp-block-cover__background has-primary-dark-background-color has-background-dim-100 has-background-dim\"><\/span><div class=\"wp-block-cover__inner-container is-layout-constrained wp-container-core-cover-is-layout-18e22cf2 wp-block-cover-is-layout-constrained\">\n<figure class=\"wp-block-image size-full\"><img decoding=\"async\" src=\"https:\/\/midianinja.org\/wp-content\/uploads\/2024\/03\/ninja-logo-olhos-semfundo-1.png\" alt=\"\" class=\"wp-image-4539796\"\/><\/figure>\n\n\n\n<h2 class=\"wp-block-heading has-white-color has-text-color\">A M\u00eddia NINJA<\/h2>\n\n\n\n<p class=\"has-white-color has-text-color\">Somos uma rede de comunica\u00e7\u00e3o livre que busca novas formas de produ\u00e7\u00e3o e distribui\u00e7\u00e3o de informa\u00e7\u00e3o a partir da tecnologia e de uma l\u00f3gica colaborativa de trabalho.<\/p>\n\n\n\n<div style=\"height:8px\" aria-hidden=\"true\" class=\"wp-block-spacer\"><\/div>\n\n\n\n<div class=\"wp-block-columns is-layout-flex wp-container-core-columns-is-layout-9d6595d7 wp-block-columns-is-layout-flex\">\n<div class=\"wp-block-column is-layout-flow wp-block-column-is-layout-flow\" style=\"flex-basis:45px\">\n<figure class=\"wp-block-image aligncenter size-large\"><a href=\"https:\/\/www.instagram.com\/midianinja\/\"><img decoding=\"async\" src=\"https:\/\/midianinja.org\/wp-content\/uploads\/2024\/04\/Footer_00000060731145794484315360000009105668273505501614_.png\" alt=\"\"\/><\/a><\/figure>\n<\/div>\n\n\n\n<div class=\"wp-block-column is-layout-flow wp-block-column-is-layout-flow\" style=\"flex-basis:45px\">\n<figure class=\"wp-block-image aligncenter size-large has-lightbox\"><a href=\"https:\/\/twitter.com\/MidiaNINJA\"><img decoding=\"async\" src=\"https:\/\/midianinja.org\/wp-content\/uploads\/2024\/04\/Group.png\" alt=\"\"\/><\/a><\/figure>\n<\/div>\n\n\n\n<div class=\"wp-block-column is-layout-flow wp-block-column-is-layout-flow\" style=\"flex-basis:45px\">\n<figure class=\"wp-block-image aligncenter size-large has-lightbox\"><a href=\"https:\/\/www.facebook.com\/MidiaNINJA\/\"><img decoding=\"async\" src=\"https:\/\/midianinja.org\/wp-content\/uploads\/2024\/04\/Footer_00000060731145794484315360000009105668273505501614_-1.png\" alt=\"\"\/><\/a><\/figure>\n<\/div>\n\n\n\n<div class=\"wp-block-column is-layout-flow wp-block-column-is-layout-flow\" style=\"flex-basis:45px\">\n<figure class=\"wp-block-image aligncenter size-full has-lightbox\"><a href=\"https:\/\/www.youtube.com\/@MidiaNINJAoficial\"><img decoding=\"async\" src=\"https:\/\/midianinja.org\/wp-content\/uploads\/2024\/04\/youtube.svg\" alt=\"\" class=\"wp-image-4553196\"\/><\/a><\/figure>\n<\/div>\n\n\n\n<div class=\"wp-block-column is-layout-flow wp-block-column-is-layout-flow\" style=\"flex-basis:45px\">\n<figure class=\"wp-block-image aligncenter size-full has-lightbox\"><a href=\"https:\/\/www.tiktok.com\/@midianinja\"><img decoding=\"async\" src=\"https:\/\/midianinja.org\/wp-content\/uploads\/2024\/04\/Group-7562.svg\" alt=\"\" class=\"wp-image-4553188\"\/><\/a><\/figure>\n<\/div>\n<\/div>\n<\/div><\/div>\n<\/div>\n<\/div>\n\n\n\n<div style=\"height:32px\" aria-hidden=\"true\" class=\"wp-block-spacer\"><\/div>\n\n\n\n<div class=\"wp-block-cover cover-contato-mobile\" style=\"min-height:50px;aspect-ratio:unset;\"><span aria-hidden=\"true\" class=\"wp-block-cover__background has-background-dim-0 has-background-dim\"><\/span><img loading=\"lazy\" decoding=\"async\" width=\"2048\" height=\"1365\" sizes=\"auto, (max-width: 2048px) 100vw, 2048px\" class=\"wp-block-cover__image-background wp-image-4546202\" alt=\"\" src=\"https:\/\/midianinja.org\/wp-content\/uploads\/2024\/04\/Seja-NINJA_MidiaNINJA5.jpg\" style=\"object-position:56% 38%\" data-object-fit=\"cover\" data-object-position=\"56% 38%\" srcset=\"https:\/\/midianinja.org\/wp-content\/uploads\/2024\/04\/Seja-NINJA_MidiaNINJA5.jpg 2048w, https:\/\/midianinja.org\/wp-content\/uploads\/2024\/04\/Seja-NINJA_MidiaNINJA5-300x200.jpg 300w, https:\/\/midianinja.org\/wp-content\/uploads\/2024\/04\/Seja-NINJA_MidiaNINJA5-1024x683.jpg 1024w, https:\/\/midianinja.org\/wp-content\/uploads\/2024\/04\/Seja-NINJA_MidiaNINJA5-768x512.jpg 768w, https:\/\/midianinja.org\/wp-content\/uploads\/2024\/04\/Seja-NINJA_MidiaNINJA5-1536x1024.jpg 1536w, https:\/\/midianinja.org\/wp-content\/uploads\/2024\/04\/Seja-NINJA_MidiaNINJA5-1200x800.jpg 1200w\" \/><div class=\"wp-block-cover__inner-container is-layout-constrained wp-block-cover-is-layout-constrained\">\n<div class=\"wp-block-columns is-layout-flex wp-container-core-columns-is-layout-9d6595d7 wp-block-columns-is-layout-flex\">\n<div class=\"wp-block-column coluna-contato-mobile is-layout-flow wp-block-column-is-layout-flow\">\n<h3 class=\"wp-block-heading\">Contato<\/h3>\n\n\n<h2 class=\"wp-block-post-title\">Fale conosco<\/h2><\/div>\n<\/div>\n<\/div><\/div>\n\n\n\n<div class=\"wp-block-columns form-mobile is-layout-flex wp-container-core-columns-is-layout-9d6595d7 wp-block-columns-is-layout-flex\">\n<div class=\"wp-block-column is-layout-flow wp-block-column-is-layout-flow\"><\/div>\n\n\n\n<div class=\"wp-block-column is-layout-flow wp-block-column-is-layout-flow\"><p class=\"wpcf7-contact-form-not-found\"><strong>Error:<\/strong> Formulario de contacto no encontrado.<\/p>\n<\/div>\n\n\n\n<div class=\"wp-block-column is-layout-flow wp-block-column-is-layout-flow\"><\/div>\n<\/div>\n\n\n\n<div class=\"wp-block-cover alignwide midia-ninja-contato-mobile\" style=\"min-height:506px;aspect-ratio:unset;\"><span aria-hidden=\"true\" class=\"wp-block-cover__background has-primary-dark-background-color has-background-dim-100 has-background-dim\"><\/span><div class=\"wp-block-cover__inner-container is-layout-constrained wp-container-core-cover-is-layout-279874d3 wp-block-cover-is-layout-constrained\">\n<figure class=\"wp-block-image size-full\"><img decoding=\"async\" src=\"https:\/\/midianinja.org\/wp-content\/uploads\/2024\/03\/ninja-logo-olhos-semfundo-1.png\" alt=\"\" class=\"wp-image-4539796\"\/><\/figure>\n\n\n\n<h2 class=\"wp-block-heading has-white-color has-text-color\">A M\u00eddia NINJA<\/h2>\n\n\n\n<p class=\"has-white-color has-text-color\">Somos uma rede de comunica\u00e7\u00e3o livre que busca novas formas de produ\u00e7\u00e3o e distribui\u00e7\u00e3o de informa\u00e7\u00e3o a partir da tecnologia e de uma l\u00f3gica colaborativa de trabalho.<\/p>\n\n\n\n<div style=\"height:8px\" aria-hidden=\"true\" class=\"wp-block-spacer\"><\/div>\n\n\n\n<div class=\"wp-block-columns is-layout-flex wp-container-core-columns-is-layout-9d6595d7 wp-block-columns-is-layout-flex\">\n<div class=\"wp-block-column is-layout-flow wp-block-column-is-layout-flow\" style=\"flex-basis:27px\">\n<figure class=\"wp-block-image size-full\"><img decoding=\"async\" sizes=\"(max-width: 1024px) 100vw, 1024px\" src=\"https:\/\/midianinja.org\/wp-content\/uploads\/2024\/03\/Footer_00000060731145794484315360000009105668273505501614_.png\" alt=\"\" class=\"wp-image-4539800\"\/><\/figure>\n<\/div>\n\n\n\n<div class=\"wp-block-column is-layout-flow wp-block-column-is-layout-flow\" style=\"flex-basis:27px\">\n<figure class=\"wp-block-image aligncenter size-large has-lightbox\"><a href=\"https:\/\/twitter.com\/MidiaNINJA\"><img decoding=\"async\" src=\"https:\/\/midianinja.org\/wp-content\/uploads\/2024\/04\/Group.png\" alt=\"\"\/><\/a><\/figure>\n<\/div>\n\n\n\n<div class=\"wp-block-column is-layout-flow wp-block-column-is-layout-flow\" style=\"flex-basis:27px\">\n<figure class=\"wp-block-image aligncenter size-large has-lightbox\"><a href=\"https:\/\/www.facebook.com\/MidiaNINJA\/\"><img decoding=\"async\" src=\"https:\/\/midianinja.org\/wp-content\/uploads\/2024\/04\/Footer_00000060731145794484315360000009105668273505501614_-1.png\" alt=\"\"\/><\/a><\/figure>\n<\/div>\n<\/div>\n<\/div><\/div>\n","protected":false},"excerpt":{"rendered":"","protected":false},"author":11285,"featured_media":0,"parent":0,"menu_order":21,"comment_status":"closed","ping_status":"closed","template":"","meta":{"_coblocks_attr":"","_coblocks_dimensions":"","_coblocks_responsive_height":"","_coblocks_accordion_ie_support":"","newspack_ads_suppress_ads":false,"newspack_popups_has_disabled_popups":false,"newspack_sponsor_sponsorship_scope":"","newspack_sponsor_native_byline_display":"inherit","newspack_sponsor_native_category_display":"inherit","newspack_sponsor_underwriter_style":"inherit","newspack_sponsor_underwriter_placement":"inherit","rop_custom_images_group":[],"rop_custom_messages_group":[],"rop_publish_now":"initial","rop_publish_now_accounts":[],"rop_publish_now_history":[],"rop_publish_now_status":"pending","_themeisle_gutenberg_block_has_review":false,"_primary_brand":0,"footnotes":""},"brand":[],"newspack_spnsrs_tax":[],"coauthors":[12937],"class_list":["post-4546219","page","type-page","status-publish","hentry"],"yoast_head":"<!-- This site is optimized with the Yoast SEO Premium plugin v25.2 (Yoast SEO v26.1.1) - https:\/\/yoast.com\/wordpress\/plugins\/seo\/ -->\n<title>Fale conosco - M\u00eddia NINJA<\/title>\n<meta name=\"robots\" content=\"index, follow, max-snippet:-1, max-image-preview:large, max-video-preview:-1\" \/>\n<link rel=\"canonical\" href=\"https:\/\/midianinja.org\/es\/fale-conosco\/\" \/>\n<meta property=\"og:locale\" content=\"es_ES\" \/>\n<meta property=\"og:type\" content=\"article\" \/>\n<meta property=\"og:title\" content=\"Fale conosco\" \/>\n<meta property=\"og:url\" content=\"https:\/\/midianinja.org\/es\/fale-conosco\/\" \/>\n<meta property=\"og:site_name\" content=\"M\u00eddia NINJA\" \/>\n<meta property=\"article:publisher\" content=\"https:\/\/www.facebook.com\/MidiaNINJA\" \/>\n<meta property=\"article:modified_time\" content=\"2024-05-16T01:16:08+00:00\" \/>\n<meta property=\"og:image\" content=\"https:\/\/midianinja.org\/wp-content\/uploads\/2024\/04\/Seja-NINJA_MidiaNINJA5.jpg\" \/>\n<meta name=\"twitter:card\" content=\"summary_large_image\" \/>\n<meta name=\"twitter:site\" content=\"@MidiaNINJA\" \/>\n<meta name=\"twitter:label1\" content=\"Tiempo de lectura\" \/>\n\t<meta name=\"twitter:data1\" content=\"3 minutos\" \/>\n<script type=\"application\/ld+json\" class=\"yoast-schema-graph\">{\"@context\":\"https:\/\/schema.org\",\"@graph\":[{\"@type\":\"WebPage\",\"@id\":\"https:\/\/midianinja.org\/es\/fale-conosco\/\",\"url\":\"https:\/\/midianinja.org\/es\/fale-conosco\/\",\"name\":\"Fale conosco - M\u00eddia NINJA\",\"isPartOf\":{\"@id\":\"https:\/\/midianinja.org\/#website\"},\"primaryImageOfPage\":{\"@id\":\"https:\/\/midianinja.org\/es\/fale-conosco\/#primaryimage\"},\"image\":{\"@id\":\"https:\/\/midianinja.org\/es\/fale-conosco\/#primaryimage\"},\"thumbnailUrl\":\"https:\/\/midianinja.org\/wp-content\/uploads\/2024\/04\/Seja-NINJA_MidiaNINJA5.jpg\",\"datePublished\":\"2024-03-21T23:25:05+00:00\",\"dateModified\":\"2024-05-16T01:16:08+00:00\",\"breadcrumb\":{\"@id\":\"https:\/\/midianinja.org\/es\/fale-conosco\/#breadcrumb\"},\"inLanguage\":\"es\",\"potentialAction\":[{\"@type\":\"ReadAction\",\"target\":[\"https:\/\/midianinja.org\/es\/fale-conosco\/\"]}]},{\"@type\":\"ImageObject\",\"inLanguage\":\"es\",\"@id\":\"https:\/\/midianinja.org\/es\/fale-conosco\/#primaryimage\",\"url\":\"https:\/\/midianinja.org\/wp-content\/uploads\/2024\/04\/Seja-NINJA_MidiaNINJA5.jpg\",\"contentUrl\":\"https:\/\/midianinja.org\/wp-content\/uploads\/2024\/04\/Seja-NINJA_MidiaNINJA5.jpg\"},{\"@type\":\"BreadcrumbList\",\"@id\":\"https:\/\/midianinja.org\/es\/fale-conosco\/#breadcrumb\",\"itemListElement\":[{\"@type\":\"ListItem\",\"position\":1,\"name\":\"In\u00edcio\",\"item\":\"https:\/\/midianinja.org\/es\/\"},{\"@type\":\"ListItem\",\"position\":2,\"name\":\"Fale conosco\"}]},{\"@type\":\"WebSite\",\"@id\":\"https:\/\/midianinja.org\/#website\",\"url\":\"https:\/\/midianinja.org\/\",\"name\":\"M\u00eddia NINJA\",\"description\":\"Not\u00edcias, opini\u00e3o e jornalismo de urg\u00eancia.\",\"publisher\":{\"@id\":\"https:\/\/midianinja.org\/#organization\"},\"potentialAction\":[{\"@type\":\"SearchAction\",\"target\":{\"@type\":\"EntryPoint\",\"urlTemplate\":\"https:\/\/midianinja.org\/?s={search_term_string}\"},\"query-input\":{\"@type\":\"PropertyValueSpecification\",\"valueRequired\":true,\"valueName\":\"search_term_string\"}}],\"inLanguage\":\"es\"},{\"@type\":\"Organization\",\"@id\":\"https:\/\/midianinja.org\/#organization\",\"name\":\"M\u00eddia NINJA\",\"url\":\"https:\/\/midianinja.org\/\",\"logo\":{\"@type\":\"ImageObject\",\"inLanguage\":\"es\",\"@id\":\"https:\/\/midianinja.org\/#\/schema\/logo\/image\/\",\"url\":\"https:\/\/midianinja.org\/wp-content\/uploads\/2022\/11\/ninja-logo-preto-1.png\",\"contentUrl\":\"https:\/\/midianinja.org\/wp-content\/uploads\/2022\/11\/ninja-logo-preto-1.png\",\"width\":90,\"height\":60,\"caption\":\"M\u00eddia NINJA\"},\"image\":{\"@id\":\"https:\/\/midianinja.org\/#\/schema\/logo\/image\/\"},\"sameAs\":[\"https:\/\/www.facebook.com\/MidiaNINJA\",\"https:\/\/x.com\/MidiaNINJA\",\"https:\/\/www.instagram.com\/midianinja\/\"]}]}<\/script>\n<!-- \/ Yoast SEO Premium plugin. -->","yoast_head_json":{"title":"Fale conosco - M\u00eddia NINJA","robots":{"index":"index","follow":"follow","max-snippet":"max-snippet:-1","max-image-preview":"max-image-preview:large","max-video-preview":"max-video-preview:-1"},"canonical":"https:\/\/midianinja.org\/es\/fale-conosco\/","og_locale":"es_ES","og_type":"article","og_title":"Fale conosco","og_url":"https:\/\/midianinja.org\/es\/fale-conosco\/","og_site_name":"M\u00eddia NINJA","article_publisher":"https:\/\/www.facebook.com\/MidiaNINJA","article_modified_time":"2024-05-16T01:16:08+00:00","og_image":[{"url":"https:\/\/midianinja.org\/wp-content\/uploads\/2024\/04\/Seja-NINJA_MidiaNINJA5.jpg","type":"","width":"","height":""}],"twitter_card":"summary_large_image","twitter_site":"@MidiaNINJA","twitter_misc":{"Tiempo de lectura":"3 minutos"},"schema":{"@context":"https:\/\/schema.org","@graph":[{"@type":"WebPage","@id":"https:\/\/midianinja.org\/es\/fale-conosco\/","url":"https:\/\/midianinja.org\/es\/fale-conosco\/","name":"Fale conosco - M\u00eddia NINJA","isPartOf":{"@id":"https:\/\/midianinja.org\/#website"},"primaryImageOfPage":{"@id":"https:\/\/midianinja.org\/es\/fale-conosco\/#primaryimage"},"image":{"@id":"https:\/\/midianinja.org\/es\/fale-conosco\/#primaryimage"},"thumbnailUrl":"https:\/\/midianinja.org\/wp-content\/uploads\/2024\/04\/Seja-NINJA_MidiaNINJA5.jpg","datePublished":"2024-03-21T23:25:05+00:00","dateModified":"2024-05-16T01:16:08+00:00","breadcrumb":{"@id":"https:\/\/midianinja.org\/es\/fale-conosco\/#breadcrumb"},"inLanguage":"es","potentialAction":[{"@type":"ReadAction","target":["https:\/\/midianinja.org\/es\/fale-conosco\/"]}]},{"@type":"ImageObject","inLanguage":"es","@id":"https:\/\/midianinja.org\/es\/fale-conosco\/#primaryimage","url":"https:\/\/midianinja.org\/wp-content\/uploads\/2024\/04\/Seja-NINJA_MidiaNINJA5.jpg","contentUrl":"https:\/\/midianinja.org\/wp-content\/uploads\/2024\/04\/Seja-NINJA_MidiaNINJA5.jpg"},{"@type":"BreadcrumbList","@id":"https:\/\/midianinja.org\/es\/fale-conosco\/#breadcrumb","itemListElement":[{"@type":"ListItem","position":1,"name":"In\u00edcio","item":"https:\/\/midianinja.org\/es\/"},{"@type":"ListItem","position":2,"name":"Fale conosco"}]},{"@type":"WebSite","@id":"https:\/\/midianinja.org\/#website","url":"https:\/\/midianinja.org\/","name":"M\u00eddia NINJA","description":"Not\u00edcias, opini\u00e3o e jornalismo de urg\u00eancia.","publisher":{"@id":"https:\/\/midianinja.org\/#organization"},"potentialAction":[{"@type":"SearchAction","target":{"@type":"EntryPoint","urlTemplate":"https:\/\/midianinja.org\/?s={search_term_string}"},"query-input":{"@type":"PropertyValueSpecification","valueRequired":true,"valueName":"search_term_string"}}],"inLanguage":"es"},{"@type":"Organization","@id":"https:\/\/midianinja.org\/#organization","name":"M\u00eddia NINJA","url":"https:\/\/midianinja.org\/","logo":{"@type":"ImageObject","inLanguage":"es","@id":"https:\/\/midianinja.org\/#\/schema\/logo\/image\/","url":"https:\/\/midianinja.org\/wp-content\/uploads\/2022\/11\/ninja-logo-preto-1.png","contentUrl":"https:\/\/midianinja.org\/wp-content\/uploads\/2022\/11\/ninja-logo-preto-1.png","width":90,"height":60,"caption":"M\u00eddia NINJA"},"image":{"@id":"https:\/\/midianinja.org\/#\/schema\/logo\/image\/"},"sameAs":["https:\/\/www.facebook.com\/MidiaNINJA","https:\/\/x.com\/MidiaNINJA","https:\/\/www.instagram.com\/midianinja\/"]}]}},"_links":{"self":[{"href":"https:\/\/midianinja.org\/es\/wp-json\/wp\/v2\/pages\/4546219","targetHints":{"allow":["GET"]}}],"collection":[{"href":"https:\/\/midianinja.org\/es\/wp-json\/wp\/v2\/pages"}],"about":[{"href":"https:\/\/midianinja.org\/es\/wp-json\/wp\/v2\/types\/page"}],"author":[{"embeddable":true,"href":"https:\/\/midianinja.org\/es\/wp-json\/wp\/v2\/users\/11285"}],"replies":[{"embeddable":true,"href":"https:\/\/midianinja.org\/es\/wp-json\/wp\/v2\/comments?post=4546219"}],"version-history":[{"count":29,"href":"https:\/\/midianinja.org\/es\/wp-json\/wp\/v2\/pages\/4546219\/revisions"}],"predecessor-version":[{"id":4559275,"href":"https:\/\/midianinja.org\/es\/wp-json\/wp\/v2\/pages\/4546219\/revisions\/4559275"}],"wp:attachment":[{"href":"https:\/\/midianinja.org\/es\/wp-json\/wp\/v2\/media?parent=4546219"}],"wp:term":[{"taxonomy":"brand","embeddable":true,"href":"https:\/\/midianinja.org\/es\/wp-json\/wp\/v2\/brand?post=4546219"},{"taxonomy":"newspack_spnsrs_tax","embeddable":true,"href":"https:\/\/midianinja.org\/es\/wp-json\/wp\/v2\/newspack_spnsrs_tax?post=4546219"},{"taxonomy":"author","embeddable":true,"href":"https:\/\/midianinja.org\/es\/wp-json\/wp\/v2\/coauthors?post=4546219"}],"curies":[{"name":"wp","href":"https:\/\/api.w.org\/{rel}","templated":true}]}}